{"id":8410,"date":"2022-08-24T13:59:46","date_gmt":"2022-08-24T13:59:46","guid":{"rendered":"https:\/\/cetinfamily.com.tr\/kurumsal-satis\/"},"modified":"2022-08-24T14:19:17","modified_gmt":"2022-08-24T14:19:17","slug":"vendite-aziendali","status":"publish","type":"page","link":"https:\/\/cetinfamily.com.tr\/it\/vendite-aziendali\/","title":{"rendered":"Vendite aziendali"},"content":{"rendered":"<div class=\"wpb-content-wrapper\"><p>[vc_row][vc_column][vc_column_text]<\/p>\n<h3>Carta regalo aziendale di \u00c7etin Family!<\/h3>\n<p>Offriamo una carta regalo aziendale che potete condividere con i vostri partner commerciali o dipendenti. Potete utilizzare la nostra carta regalo aziendale in tutti i nostri negozi chiamati \u00c7etin Family, nonch\u00e9 in tutti i vostri acquisti con la possibilit\u00e0 di spedire in 81 province della Turchia tramite www.markastok.com.<\/p>\n<p>Con le nostre carte regalo aziendali, le quali sono valide tutto l\u2019anno, potete fare ai vostri partner commerciali e dipendenti:[\/vc_column_text][\/vc_column][\/vc_row][vc_row][vc_column width=&#8221;1\/2&#8243;]<style>#porto-info-list127599352369fb398f65504 i { color: #0a0a0a;font-size: 18px; }<\/style><ul id=\"porto-info-list127599352369fb398f65504\" class=\"porto-info-list  wpb_custom_d6feb9720a7ff2d1a9d603d78804d41e\"><li class=\"porto-info-list-item  wpb_custom_eade0171093a7591372ccf9372738e3d\"><i class=\"porto-info-icon fas fa-caret-right\"><\/i><div class=\"porto-info-list-item-desc\"><strong>Regali per le giornate speciali<\/strong><\/div><\/li><li class=\"porto-info-list-item  wpb_custom_205edc6de9e53bd4458e8a5265d85879\"><i class=\"porto-info-icon fas fa-caret-right\"><\/i><div class=\"porto-info-list-item-desc\"><strong>Regali di festivit\u00e0<\/strong><\/div><\/li><li class=\"porto-info-list-item  wpb_custom_eade0171093a7591372ccf9372738e3d\"><i class=\"porto-info-icon fas fa-caret-right\"><\/i><div class=\"porto-info-list-item-desc\"><strong>Regali per la festa della mamma<\/strong><\/div><\/li><li class=\"porto-info-list-item  wpb_custom_eade0171093a7591372ccf9372738e3d\"><i class=\"porto-info-icon fas fa-caret-right\"><\/i><div class=\"porto-info-list-item-desc\"><strong>Regali per la festa della donna<\/strong><\/div><\/li><li class=\"porto-info-list-item  wpb_custom_eade0171093a7591372ccf9372738e3d\"><i class=\"porto-info-icon fas fa-caret-right\"><\/i><div class=\"porto-info-list-item-desc\"><strong>Carta regalo<\/strong><\/div><\/li><li class=\"porto-info-list-item  wpb_custom_eade0171093a7591372ccf9372738e3d\"><i class=\"porto-info-icon fas fa-caret-right\"><\/i><div class=\"porto-info-list-item-desc\"><strong>Pacchetti di aiuto<\/strong><\/div><\/li><li class=\"porto-info-list-item  wpb_custom_eade0171093a7591372ccf9372738e3d\"><i class=\"porto-info-icon fas fa-caret-right\"><\/i><div class=\"porto-info-list-item-desc\"><strong>Regali per capodanno<\/strong><\/div><\/li><li class=\"porto-info-list-item  wpb_custom_eade0171093a7591372ccf9372738e3d\"><i class=\"porto-info-icon fas fa-caret-right\"><\/i><div class=\"porto-info-list-item-desc\"><strong>E potete rendere felici e soddisfatti i vostri dipendenti con i pacchetti regalo che potete regalare come dei bonus e degli incentivi di fine anno.<\/strong><\/div><\/li><\/ul>[\/vc_column][vc_column width=&#8221;1\/2&#8243;][vc_hoverbox image=&#8221;2982&#8243; primary_title=&#8221;&#8221; hover_title=&#8221;\u00c7etin Family Group&#8221;]<strong>Carta regalo aziendale di \u00c7etin Family!<\/strong>[\/vc_hoverbox][\/vc_column][\/vc_row][vc_row full_width=&#8221;stretch_row&#8221; is_section=&#8221;yes&#8221;][vc_column][vc_column_text]<\/p>\n<h3>Vendite aziendali di \u00c7etin Family<\/h3>\n<p>Possiamo fare offerte speciali per la vostra azienda nell\u2019acquisto all\u2019ingrosso per i vostri partner commerciali o dipendenti.<\/p>\n<p>Potete raggiungerci tramite i seguenti indirizzi:[\/vc_column_text]<a class=\"porto-sicon-box-link\" href=\"mailto:kurumsalsatis@dijitaltanitim.com\"><div class=\"porto-sicon-box  wpb_custom_1efe903570d178ff0a9b7bfa5febd3a4 style_1 default-icon\"><div class=\"porto-sicon-default\"><div class=\"porto-just-icon-wrapper porto-icon circle\" style=\"color:#ffffff;background:#dd3333;font-size:14px;\"><i class=\"far fa-envelope\"><\/i><\/div><\/div><div class=\"porto-sicon-header\"><p>kurumsalsatis@cetinfamily.com.tr<\/p><\/div> <!-- header --><\/div><!-- porto-sicon-box --><\/a><a class=\"porto-sicon-box-link\" href=\"tel:902244533100\"><div class=\"porto-sicon-box  wpb_custom_1efe903570d178ff0a9b7bfa5febd3a4 style_1 default-icon\"><div class=\"porto-sicon-default\"><div class=\"porto-just-icon-wrapper porto-icon circle\" style=\"color:#ffffff;background:#dd3333;font-size:14px;\"><i class=\"fas fa-phone\"><\/i><\/div><\/div><div class=\"porto-sicon-header\"><p>+90 (224) 453 31 00<\/p><\/div> <!-- header --><\/div><!-- porto-sicon-box --><\/a>[\/vc_column][\/vc_row][vc_row wrap_container=&#8221;yes&#8221; is_section=&#8221;yes&#8221; section_skin=&#8221;parallax&#8221; remove_margin_top=&#8221;yes&#8221; remove_margin_bottom=&#8221;yes&#8221; remove_padding_top=&#8221;yes&#8221; remove_padding_bottom=&#8221;yes&#8221; css=&#8221;.vc_custom_1655588075625{padding-top: 50px !important;}&#8221;][vc_column width=&#8221;1\/2&#8243; css=&#8221;.vc_custom_1655587965064{margin-bottom: -20px !important;}&#8221;]\n<div class=\"wpcf7 no-js\" id=\"wpcf7-f9780-o1\" lang=\"it-IT\" dir=\"ltr\">\n<div class=\"screen-reader-response\"><p role=\"status\" aria-live=\"polite\" aria-atomic=\"true\"><\/p> <ul><\/ul><\/div>\n<form action=\"\/it\/wp-json\/wp\/v2\/pages\/8410#wpcf7-f9780-o1\" method=\"post\" class=\"wpcf7-form init\" aria-label=\"Modulo di contatto\" novalidate=\"novalidate\" data-status=\"init\">\n<div style=\"display: none;\">\n<input type=\"hidden\" name=\"_wpcf7\" value=\"9780\" \/>\n<input type=\"hidden\" name=\"_wpcf7_version\" value=\"5.9.8\" \/>\n<input type=\"hidden\" name=\"_wpcf7_locale\" value=\"it_IT\" \/>\n<input type=\"hidden\" name=\"_wpcf7_unit_tag\" value=\"wpcf7-f9780-o1\" \/>\n<input type=\"hidden\" name=\"_wpcf7_container_post\" value=\"0\" \/>\n<input type=\"hidden\" name=\"_wpcf7_posted_data_hash\" value=\"\" \/>\n<input type=\"hidden\" name=\"_wpcf7_recaptcha_response\" value=\"\" \/>\n<\/div>\n<h4 class=\"short\"><strong>Se volete che vi raggiungiamo noi,<\/strong>\n<\/h4>\n<p class=\"short\">Vi preghiamo di compilare il modulo sottostante in modo che possiamo raggiungervi al pi\u00f9 presto con le nostre soluzioni aziendali che prepareremo per le vostre esigenze.\n<\/p>\n<div class=\"row\">\n\t<div class=\"col-lg-12\">\n\t\t<div class=\"form-group\">\n\t\t\t<p><span class=\"wpcf7-form-control-wrap\" data-name=\"adi-soyadi\"><input size=\"40\" maxlength=\"400\" class=\"wpcf7-form-control wpcf7-text wpcf7-validates-as-required form-control\" id=\"adi-soyadi\" aria-required=\"true\" aria-invalid=\"false\" placeholder=\"Nome Cognome\" value=\"\" type=\"text\" name=\"adi-soyadi\" \/><\/span>\n\t\t\t<\/p>\n\t\t<\/div>\n\t<\/div>\n\t<div class=\"col-lg-12\">\n\t\t<div class=\"form-group\">\n\t\t\t<p><span class=\"wpcf7-form-control-wrap\" data-name=\"firma-adi\"><input size=\"40\" maxlength=\"400\" class=\"wpcf7-form-control wpcf7-text wpcf7-validates-as-required form-control\" id=\"firma-adi\" aria-required=\"true\" aria-invalid=\"false\" placeholder=\"Nome della ditta\" value=\"\" type=\"text\" name=\"firma-adi\" \/><\/span>\n\t\t\t<\/p>\n\t\t<\/div>\n\t<\/div>\n\t<div class=\"col-lg-2\">\n\t\t<div class=\"form-group\">\n\t\t\t<p><span class=\"wpcf7-form-control-wrap\" data-name=\"tel-ulke\"><input size=\"40\" maxlength=\"400\" class=\"wpcf7-form-control wpcf7-text wpcf7-validates-as-required form-control\" id=\"tel-ulke\" aria-required=\"true\" aria-invalid=\"false\" value=\"+90\" type=\"text\" name=\"tel-ulke\" \/><\/span>\n\t\t\t<\/p>\n\t\t<\/div>\n\t<\/div>\n\t<div class=\"col-lg-4\">\n\t\t<div class=\"form-group\">\n\t\t\t<p><span class=\"wpcf7-form-control-wrap\" data-name=\"tel-alan\"><input size=\"40\" maxlength=\"400\" class=\"wpcf7-form-control wpcf7-text wpcf7-validates-as-required form-control\" id=\"tel-alan\" aria-required=\"true\" aria-invalid=\"false\" placeholder=\"Prefisso\" value=\"\" type=\"text\" name=\"tel-alan\" \/><\/span>\n\t\t\t<\/p>\n\t\t<\/div>\n\t<\/div>\n\t<div class=\"col-lg-6\">\n\t\t<div class=\"form-group\">\n\t\t\t<p><span class=\"wpcf7-form-control-wrap\" data-name=\"tel-no\"><input size=\"40\" maxlength=\"400\" class=\"wpcf7-form-control wpcf7-text wpcf7-validates-as-required form-control\" id=\"tel-no\" aria-required=\"true\" aria-invalid=\"false\" placeholder=\"Telefono\" value=\"\" type=\"text\" name=\"tel-no\" \/><\/span>\n\t\t\t<\/p>\n\t\t<\/div>\n\t<\/div>\n\t<div class=\"col-lg-12\">\n\t\t<div class=\"form-group\">\n\t\t\t<p><span class=\"wpcf7-form-control-wrap\" data-name=\"email-adresi\"><input size=\"40\" maxlength=\"400\" class=\"wpcf7-form-control wpcf7-email wpcf7-validates-as-required wpcf7-text wpcf7-validates-as-email form-control\" id=\"email-adresi\" aria-required=\"true\" aria-invalid=\"false\" placeholder=\"E-Posta\" value=\"\" type=\"email\" name=\"email-adresi\" \/><\/span>\n\t\t\t<\/p>\n\t\t<\/div>\n\t<\/div>\n\t<div class=\"col-lg-12\">\n\t\t<div class=\"form-group\">\n\t\t\t<p><span class=\"wpcf7-form-control-wrap\" data-name=\"mesajiniz\"><textarea cols=\"40\" rows=\"10\" maxlength=\"2000\" class=\"wpcf7-form-control wpcf7-textarea wpcf7-validates-as-required form-control\" id=\"mesajiniz\" aria-required=\"true\" aria-invalid=\"false\" placeholder=\"Messaggio\" name=\"mesajiniz\"><\/textarea><\/span>\n\t\t\t<\/p>\n\t\t<\/div>\n\t<\/div>\n\t<div class=\"col-lg-12\">\n\t\t<div class=\"form-group\">\n\t\t<span class=\"wpcf7-form-control-wrap recaptcha\" data-name=\"recaptcha\"><span data-sitekey=\"6LeGksQhAAAAAEYR00djP_CotZYN-g6kqBX4elsd\" class=\"wpcf7-form-control wpcf7-recaptcha g-recaptcha\"><\/span>\r\n<noscript>\r\n\t<div class=\"grecaptcha-noscript\">\r\n\t\t<iframe loading=\"lazy\" src=\"https:\/\/www.google.com\/recaptcha\/api\/fallback?k=6LeGksQhAAAAAEYR00djP_CotZYN-g6kqBX4elsd\" frameborder=\"0\" scrolling=\"no\" width=\"310\" height=\"430\">\r\n\t\t<\/iframe>\r\n\t\t<textarea name=\"g-recaptcha-response\" rows=\"3\" cols=\"40\" placeholder=\"reCaptcha Response Here\">\r\n\t\t<\/textarea>\r\n\t<\/div>\r\n<\/noscript>\r\n<\/span>\n\t\t<\/div>\n\t<\/div>\n<hr \/>\n\t<div class=\"col-lg-12\">\n\t\t<div class=\"form-group\">\n\t\t\t<p><input class=\"wpcf7-form-control wpcf7-submit has-spinner btn btn-primary btn-modern\" type=\"submit\" value=\"Inviare\" \/>\n\t\t\t<\/p>\n\t\t<\/div>\n\t<\/div>\n<\/div><div class=\"wpcf7-response-output\" aria-hidden=\"true\"><\/div>\n<\/form>\n<\/div>\n[\/vc_column][vc_column width=&#8221;1\/2&#8243;][\/vc_column][\/vc_row]<\/p>\n<\/div>","protected":false},"excerpt":{"rendered":"<p>[vc_row][vc_column][vc_column_text] Carta regalo aziendale di \u00c7etin Family! Offriamo una carta regalo aziendale che potete condividere con i vostri partner commerciali o dipendenti. Potete utilizzare la nostra carta regalo aziendale in tutti i nostri negozi chiamati \u00c7etin Family, nonch\u00e9 in tutti i vostri acquisti con la possibilit\u00e0 di spedire in 81 province della Turchia tramite www.markastok.com. [&hellip;]<\/p>\n","protected":false},"author":1,"featured_media":0,"parent":0,"menu_order":0,"comment_status":"closed","ping_status":"closed","template":"","meta":{"footnotes":""},"class_list":["post-8410","page","type-page","status-publish","hentry"],"_links":{"self":[{"href":"https:\/\/cetinfamily.com.tr\/it\/wp-json\/wp\/v2\/pages\/8410"}],"collection":[{"href":"https:\/\/cetinfamily.com.tr\/it\/wp-json\/wp\/v2\/pages"}],"about":[{"href":"https:\/\/cetinfamily.com.tr\/it\/wp-json\/wp\/v2\/types\/page"}],"author":[{"embeddable":true,"href":"https:\/\/cetinfamily.com.tr\/it\/wp-json\/wp\/v2\/users\/1"}],"replies":[{"embeddable":true,"href":"https:\/\/cetinfamily.com.tr\/it\/wp-json\/wp\/v2\/comments?post=8410"}],"version-history":[{"count":4,"href":"https:\/\/cetinfamily.com.tr\/it\/wp-json\/wp\/v2\/pages\/8410\/revisions"}],"predecessor-version":[{"id":8420,"href":"https:\/\/cetinfamily.com.tr\/it\/wp-json\/wp\/v2\/pages\/8410\/revisions\/8420"}],"wp:attachment":[{"href":"https:\/\/cetinfamily.com.tr\/it\/wp-json\/wp\/v2\/media?parent=8410"}],"curies":[{"name":"wp","href":"https:\/\/api.w.org\/{rel}","templated":true}]}}