{"id":8374,"date":"2022-08-24T13:01:36","date_gmt":"2022-08-24T13:01:36","guid":{"rendered":"https:\/\/cetinfamily.com.tr\/luks-magazacilik\/"},"modified":"2022-08-26T07:36:28","modified_gmt":"2022-08-26T07:36:28","slug":"merchandising-di-lusso","status":"publish","type":"page","link":"https:\/\/cetinfamily.com.tr\/it\/merchandising-di-lusso\/","title":{"rendered":"Merchandising di lusso"},"content":{"rendered":"<div class=\"wpb-content-wrapper\"><p>[vc_row][vc_column][vc_column_text]Exxe Selection, con il suo primo negozio fondato nel 1997 all\u2019interno di \u00c7etin Group, offre marchi di abbigliamento di lusso di fama mondiale ai suoi preziosi clienti con diversi concept di negozio. Nel negozio Exxe Selection sono visualizzati diversi marchi di abbigliamento di lusso. Sulla base della forte partnership di 25 anni con il gruppo Armani, \u00c7etin Group ha assunto la rappresentanza turca dei negozi Emporio Armani e Armani Exchange a Bursa e \u0130stanbul Akasya AVM. Exxe Selection continua a conquistare l&#8217;apprezzamento degli amanti della moda grazie alla sua atmosfera decente, al servizio di qualit\u00e0 e all\u2019approccio orientato alla soddisfazione del cliente al 100% nei suoi negozi.<br \/>\nIl primo negozio aperto a Bursa e quelli nuovi aperti a \u0130stanbul, Antalya, Bal\u0131kesir, Afyon e Kocaeli sono stati progettati e realizzati da team speciali di progettazione architettonica. L\u2019architettura di ogni negozio e le sezioni in cui sono visualizzate le collezioni sono state progettate con l\u2019obiettivo di rendere l\u2019acquisto piacevole, confortevole e speciale per i suoi stimati clienti.<\/p>\n<p>I modelli di marchi di lusso come Emporio Armani, Hugo, Boss, Philipp Plein, Michael Kors, Armani Exchange, Calvin Klein, Les Benjamins, Versace Jeans Couture, Kenzo, Love Moschino, Guess e molti altri sono importati direttamente dall\u2019Italia per gli amanti della moda. Le collezioni attuali e le collaborazioni di marchi specifiche per ogni stagione sono incluse nella selezione Exxe selection contemporaneamente all\u2019Europa e all\u2019America.[\/vc_column_text][\/vc_column][\/vc_row][vc_row full_width=&#8221;stretch_row_content_no_spaces&#8221;][vc_column]<div class=\"porto-carousel owl-carousel has-ccols has-ccols-spacing ccols-xl-4 ccols-lg-4 ccols-md-3 ccols-sm-2 ccols-1 wpb_custom_867307c2ef5dbdcb34520eaae00ae054 big-nav\" data-plugin-options=\"{&quot;themeConfig&quot;:true,&quot;stagePadding&quot;:0,&quot;margin&quot;:4,&quot;autoplay&quot;:&quot;yes&quot;,&quot;mouseDrag&quot;:true,&quot;touchDrag&quot;:true,&quot;autoplayTimeout&quot;:5000,&quot;autoplayHoverPause&quot;:false,&quot;items&quot;:4,&quot;xl&quot;:4,&quot;lg&quot;:4,&quot;md&quot;:3,&quot;sm&quot;:2,&quot;xs&quot;:1,&quot;nav&quot;:&quot;yes&quot;,&quot;dots&quot;:false,&quot;animateIn&quot;:&quot;&quot;,&quot;animateOut&quot;:&quot;&quot;,&quot;loop&quot;:&quot;yes&quot;,&quot;center&quot;:false,&quot;video&quot;:false,&quot;lazyLoad&quot;:false,&quot;fullscreen&quot;:false}\"><div class=\"porto-image-frame \"><div class=\"thumb-info\"><a href=\"https:\/\/cetinfamily.com.tr\/it\/merchandising-di-lusso-inf\/\" title=\"\" target=\"_self\"><span class=\"thumb-info-wrapper\"><img loading=\"lazy\" decoding=\"async\" alt=\"\" src=\"\/\/cetinfamily.com.tr\/wp-content\/uploads\/2022\/07\/brs-1.jpg\" class=\"img-responsive\" width=\"640\" height=\"480\"><span class=\"thumb-info-title\"><span class=\"thumb-info-inner\">Exxe Selection<em><\/em><\/span><span class=\"thumb-info-type\">BURSA<\/span><\/span><\/span><\/a><\/div><\/div><div class=\"porto-image-frame \"><div class=\"thumb-info\"><a href=\"https:\/\/cetinfamily.com.tr\/it\/merchandising-di-lusso-inf#armaniistanbul\" title=\"\" target=\"_self\"><span class=\"thumb-info-wrapper\"><img loading=\"lazy\" decoding=\"async\" alt=\"\" src=\"\/\/cetinfamily.com.tr\/wp-content\/uploads\/2022\/07\/ak-1.jpg\" class=\"img-responsive\" width=\"640\" height=\"480\"><span class=\"thumb-info-title\"><span class=\"thumb-info-inner\">Emporio Armani Akasya<em><\/em><\/span><span class=\"thumb-info-type\">\u0130stanbul<\/span><\/span><\/span><\/a><\/div><\/div><div class=\"porto-image-frame \"><div class=\"thumb-info\"><a href=\"https:\/\/cetinfamily.com.tr\/it\/merchandising-di-lusso-inf#exxeafyon\" title=\"\" target=\"_self\"><span class=\"thumb-info-wrapper\"><img loading=\"lazy\" decoding=\"async\" alt=\"\" src=\"\/\/cetinfamily.com.tr\/wp-content\/uploads\/2022\/07\/af-1.jpg\" class=\"img-responsive\" width=\"640\" height=\"480\"><span class=\"thumb-info-title\"><span class=\"thumb-info-inner\">Exxe Selection<em><\/em><\/span><span class=\"thumb-info-type\">Afyon<\/span><\/span><\/span><\/a><\/div><\/div><div class=\"porto-image-frame \"><div class=\"thumb-info\"><a href=\"https:\/\/cetinfamily.com.tr\/it\/merchandising-di-lusso-inf#armanikorupark\" title=\"\" target=\"_self\"><span class=\"thumb-info-wrapper\"><img loading=\"lazy\" decoding=\"async\" alt=\"\" src=\"\/\/cetinfamily.com.tr\/wp-content\/uploads\/2022\/07\/ea-1.jpg\" class=\"img-responsive\" width=\"640\" height=\"480\"><span class=\"thumb-info-title\"><span class=\"thumb-info-inner\">Emporio Armani Korupark<em><\/em><\/span><span class=\"thumb-info-type\">Bursa<\/span><\/span><\/span><\/a><\/div><\/div><div class=\"porto-image-frame \"><div class=\"thumb-info\"><a href=\"https:\/\/cetinfamily.com.tr\/it\/merchandising-di-lusso-inf#exchangekorupark\" title=\"\" target=\"_self\"><span class=\"thumb-info-wrapper\"><img loading=\"lazy\" decoding=\"async\" alt=\"\" src=\"\/\/cetinfamily.com.tr\/wp-content\/uploads\/2022\/07\/ax-1.jpg\" class=\"img-responsive\" width=\"640\" height=\"480\"><span class=\"thumb-info-title\"><span class=\"thumb-info-inner\">Armani Exchange Korupark<em><\/em><\/span><span class=\"thumb-info-type\">Bursa<\/span><\/span><\/span><\/a><\/div><\/div><div class=\"porto-image-frame \"><div class=\"thumb-info\"><a href=\"https:\/\/cetinfamily.com.tr\/it\/merchandising-di-lusso-inf#exxeantalya\" title=\"\" target=\"_self\"><span class=\"thumb-info-wrapper\"><img loading=\"lazy\" decoding=\"async\" alt=\"\" src=\"\/\/cetinfamily.com.tr\/wp-content\/uploads\/2022\/07\/ant-1.jpg\" class=\"img-responsive\" width=\"640\" height=\"480\"><span class=\"thumb-info-title\"><span class=\"thumb-info-inner\">Exxe Selection<em><\/em><\/span><span class=\"thumb-info-type\">Antalya<\/span><\/span><\/span><\/a><\/div><\/div><div class=\"porto-image-frame \"><div class=\"thumb-info\"><a href=\"https:\/\/cetinfamily.com.tr\/it\/merchandising-di-lusso-inf#exxekocaeli\" title=\"\" target=\"_self\"><span class=\"thumb-info-wrapper\"><img loading=\"lazy\" decoding=\"async\" alt=\"\" src=\"\/\/cetinfamily.com.tr\/wp-content\/uploads\/2022\/07\/dl-1.jpg\" class=\"img-responsive\" width=\"640\" height=\"480\"><span class=\"thumb-info-title\"><span class=\"thumb-info-inner\">Exxe Selection<em><\/em><\/span><span class=\"thumb-info-type\">Kocaeli<\/span><\/span><\/span><\/a><\/div><\/div><div class=\"porto-image-frame \"><div class=\"thumb-info\"><a href=\"https:\/\/cetinfamily.com.tr\/it\/merchandising-di-lusso-inf#exxebalikesir\" title=\"\" target=\"_self\"><span class=\"thumb-info-wrapper\"><img loading=\"lazy\" decoding=\"async\" alt=\"\" src=\"\/\/cetinfamily.com.tr\/wp-content\/uploads\/2022\/07\/ss-1.jpg\" class=\"img-responsive\" width=\"640\" height=\"480\"><span class=\"thumb-info-title\"><span class=\"thumb-info-inner\">Exxe Selection<em><\/em><\/span><span class=\"thumb-info-type\">Bal\u0131kesir<\/span><\/span><\/span><\/a><\/div><\/div><\/div>[\/vc_column][\/vc_row][vc_row full_width=&#8221;stretch_row_content_no_spaces&#8221; content_placement=&#8221;top&#8221; no_padding=&#8221;yes&#8221; css=&#8221;.vc_custom_1654694920172{margin-top: -50px !important;}&#8221;][vc_column]<div class=\"porto-btn-ctn-center \"><a class=\"porto-btn porto-adjust-bottom-margin porto-btn-block porto-btn-fade-bg   wpb_custom_131955fcd14f33eea99facf386e665c6  porto-btn-center \" title='L\u00fcks Ma\u011fazac\u0131l\u0131k' rel='' href = \"https:\/\/cetinfamily.com.tr\/luks-magazacilik-bilgileri\/\"  data-hover=\"#e2e2e2\" data-border-color=\"\" data-bg=\"#212529\" data-hover-bg=\"#dd3333\" data-border-hover=\"\" data-shadow-click=\"none\" data-shadow=\"\" style=\"border:none;background: #212529;color: #ffffff;\"><span class=\"porto-btn-hover\" style=\"background-color:#dd3333\"><\/span><span class=\"porto-btn-data porto-btn-text \" >tutti i negozi<\/span><\/a><\/div>[\/vc_column][\/vc_row]<\/p>\n<\/div>","protected":false},"excerpt":{"rendered":"<p>[vc_row][vc_column][vc_column_text]Exxe Selection, con il suo primo negozio fondato nel 1997 all\u2019interno di \u00c7etin Group, offre marchi di abbigliamento di lusso di fama mondiale ai suoi preziosi clienti con diversi concept di negozio. Nel negozio Exxe Selection sono visualizzati diversi marchi di abbigliamento di lusso. Sulla base della forte partnership di 25 anni con il gruppo [&hellip;]<\/p>\n","protected":false},"author":2,"featured_media":0,"parent":0,"menu_order":0,"comment_status":"closed","ping_status":"closed","template":"","meta":{"footnotes":""},"class_list":["post-8374","page","type-page","status-publish","hentry"],"_links":{"self":[{"href":"https:\/\/cetinfamily.com.tr\/it\/wp-json\/wp\/v2\/pages\/8374"}],"collection":[{"href":"https:\/\/cetinfamily.com.tr\/it\/wp-json\/wp\/v2\/pages"}],"about":[{"href":"https:\/\/cetinfamily.com.tr\/it\/wp-json\/wp\/v2\/types\/page"}],"author":[{"embeddable":true,"href":"https:\/\/cetinfamily.com.tr\/it\/wp-json\/wp\/v2\/users\/2"}],"replies":[{"embeddable":true,"href":"https:\/\/cetinfamily.com.tr\/it\/wp-json\/wp\/v2\/comments?post=8374"}],"version-history":[{"count":7,"href":"https:\/\/cetinfamily.com.tr\/it\/wp-json\/wp\/v2\/pages\/8374\/revisions"}],"predecessor-version":[{"id":9802,"href":"https:\/\/cetinfamily.com.tr\/it\/wp-json\/wp\/v2\/pages\/8374\/revisions\/9802"}],"wp:attachment":[{"href":"https:\/\/cetinfamily.com.tr\/it\/wp-json\/wp\/v2\/media?parent=8374"}],"curies":[{"name":"wp","href":"https:\/\/api.w.org\/{rel}","templated":true}]}}