{"id":8364,"date":"2022-08-24T12:47:24","date_gmt":"2022-08-24T12:47:24","guid":{"rendered":"https:\/\/cetinfamily.com.tr\/perakende-magazacilik\/"},"modified":"2026-02-17T08:22:27","modified_gmt":"2026-02-17T08:22:27","slug":"campi-di-attivita","status":"publish","type":"page","link":"https:\/\/cetinfamily.com.tr\/it\/campi-di-attivita\/","title":{"rendered":"Campi di attivit\u00e0"},"content":{"rendered":"<div class=\"wpb-content-wrapper\"><p>[vc_row][vc_column][vc_column_text]I negozi al dettaglio all\u2019interno di \u00c7etin Group, con i nomi di \u00c7etin Family, The She, \u00c7etin Family Shoes, \u00c7etin Outlet ed Exxe Shoes, offrono un\u2019opzione di multimarca nelle categorie di abbigliamento e calzature da donna, uomo, bambino. Inoltre, sulla base della forte partnership che continua da molti anni con il marchio Levi\u2019s, \u00c7etin Group prosegue la rappresentanza di Levi\u2019s Turchia nel negozio Koru Park.<\/p>\n<p>Insieme a marchi privati Buratti, Lela e Lela kids, \u00c7etin Group offre molti marchi famosi come Jack&amp;Jones, Levi\u2019s, Dockers, Mavi, Lacoste, Vans, Converse, Tommy Hilfiger, U.S. Polo Assn, Hummel, Lumberjack, Scooter, Pierre Cardin, Lufian, Only, Vero moda, Ayhan, Ekol, On triko e molti altri ai stimati clienti di Bursa. Le collaborazioni con i marchi sono in continuo sviluppo in base ai feedback e alle richieste dei clienti.[\/vc_column_text][\/vc_column][\/vc_row][vc_row][vc_column][vc_empty_space height=&#8221;60px&#8221;][\/vc_column][\/vc_row][vc_row full_width=&#8221;stretch_row_content_no_spaces&#8221;][vc_column]<div class=\"porto-carousel owl-carousel has-ccols has-ccols-spacing ccols-xl-4 ccols-lg-4 ccols-md-3 ccols-sm-2 ccols-1 wpb_custom_0c33b655f09ca44c69945f8c3d55d3e3 big-nav\" data-plugin-options=\"{&quot;themeConfig&quot;:true,&quot;stagePadding&quot;:0,&quot;margin&quot;:3,&quot;autoplay&quot;:&quot;yes&quot;,&quot;mouseDrag&quot;:true,&quot;touchDrag&quot;:true,&quot;autoplayTimeout&quot;:5000,&quot;autoplayHoverPause&quot;:false,&quot;items&quot;:4,&quot;xl&quot;:4,&quot;lg&quot;:4,&quot;md&quot;:3,&quot;sm&quot;:2,&quot;xs&quot;:1,&quot;nav&quot;:&quot;yes&quot;,&quot;dots&quot;:false,&quot;animateIn&quot;:&quot;&quot;,&quot;animateOut&quot;:&quot;&quot;,&quot;loop&quot;:&quot;yes&quot;,&quot;center&quot;:false,&quot;video&quot;:false,&quot;lazyLoad&quot;:false,&quot;fullscreen&quot;:false}\"><div class=\"porto-image-frame \"><div class=\"thumb-info thumb-info-box-shadow\"><a href=\"https:\/\/cetinfamily.com.tr\/it\/campi-di-attivita-informazioni\/#cetinmudanya\" title=\"\" target=\"_self\"><span class=\"thumb-info-wrapper\"><img loading=\"lazy\" decoding=\"async\" alt=\"\" src=\"\/\/cetinfamily.com.tr\/wp-content\/uploads\/2022\/07\/sanayi-1.jpg\" class=\"img-responsive\" width=\"640\" height=\"480\"><span class=\"thumb-info-title\"><span class=\"thumb-info-inner\">\u00c7etin Family Mudanya Yolu<em><\/em><\/span><span class=\"thumb-info-type\">Bursa<\/span><\/span><\/span><\/a><\/div><\/div><div class=\"porto-image-frame \"><div class=\"thumb-info thumb-info-box-shadow\"><a href=\"https:\/\/cetinfamily.com.tr\/it\/campi-di-attivita-informazioni#cetinbesevler\" title=\"\" target=\"_self\"><span class=\"thumb-info-wrapper\"><img loading=\"lazy\" decoding=\"async\" alt=\"\" src=\"\/\/cetinfamily.com.tr\/wp-content\/uploads\/2022\/07\/besevler-1.jpg\" class=\"img-responsive\" width=\"640\" height=\"480\"><span class=\"thumb-info-title\"><span class=\"thumb-info-inner\">\u00c7etin Family Be\u015fevler<em><\/em><\/span><span class=\"thumb-info-type\">Bursa<\/span><\/span><\/span><\/a><\/div><\/div><div class=\"porto-image-frame \"><div class=\"thumb-info thumb-info-box-shadow\"><a href=\"https:\/\/cetinfamily.com.tr\/it\/campi-di-attivita-informazioni#cetinaltiparmak\" title=\"\" target=\"_self\"><span class=\"thumb-info-wrapper\"><img loading=\"lazy\" decoding=\"async\" alt=\"\" src=\"\/\/cetinfamily.com.tr\/wp-content\/uploads\/2022\/08\/61-1.jpg\" class=\"img-responsive\" width=\"640\" height=\"480\"><span class=\"thumb-info-title\"><span class=\"thumb-info-inner\">\u00c7etin Family Alt\u0131parmak<em><\/em><\/span><span class=\"thumb-info-type\">Bursa<\/span><\/span><\/span><\/a><\/div><\/div><div class=\"porto-image-frame \"><div class=\"thumb-info thumb-info-box-shadow\"><a href=\"https:\/\/cetinfamily.com.tr\/it\/campi-di-attivita-informazioni#shezafer\" title=\"\" target=\"_self\"><span class=\"thumb-info-wrapper\"><img loading=\"lazy\" decoding=\"async\" alt=\"\" src=\"\/\/cetinfamily.com.tr\/wp-content\/uploads\/2022\/07\/zs-1.jpg\" class=\"img-responsive\" width=\"640\" height=\"480\"><span class=\"thumb-info-title\"><span class=\"thumb-info-inner\">The She Zafer Plaza<em><\/em><\/span><span class=\"thumb-info-type\">Bursa<\/span><\/span><\/span><\/a><\/div><\/div><div class=\"porto-image-frame \"><div class=\"thumb-info thumb-info-box-shadow\"><a href=\"https:\/\/cetinfamily.com.tr\/it\/campi-di-attivita-informazioni#cetinoutlet1\" title=\"\" target=\"_self\"><span class=\"thumb-info-wrapper\"><img loading=\"lazy\" decoding=\"async\" alt=\"\" src=\"\/\/cetinfamily.com.tr\/wp-content\/uploads\/2022\/07\/outlet-1.jpg\" class=\"img-responsive\" width=\"640\" height=\"480\"><span class=\"thumb-info-title\"><span class=\"thumb-info-inner\">\u00c7etin Family Outlet<em><\/em><\/span><span class=\"thumb-info-type\">Bursa<\/span><\/span><\/span><\/a><\/div><\/div><div class=\"porto-image-frame \"><div class=\"thumb-info thumb-info-box-shadow\"><a href=\"https:\/\/cetinfamily.com.tr\/it\/campi-di-attivita-informazioni#cetinoutlet2\" title=\"\" target=\"_self\"><span class=\"thumb-info-wrapper\"><img loading=\"lazy\" decoding=\"async\" alt=\"\" src=\"\/\/cetinfamily.com.tr\/wp-content\/uploads\/2022\/07\/outletm-1.jpg\" class=\"img-responsive\" width=\"640\" height=\"480\"><span class=\"thumb-info-title\"><span class=\"thumb-info-inner\">\u00c7etin Family Outlet<em><\/em><\/span><span class=\"thumb-info-type\">Bursa<\/span><\/span><\/span><\/a><\/div><\/div><div class=\"porto-image-frame \"><div class=\"thumb-info thumb-info-box-shadow\"><a href=\"https:\/\/cetinfamily.com.tr\/it\/campi-di-attivita-informazioni#cetinsetbasi\" title=\"\" target=\"_blank\"><span class=\"thumb-info-wrapper\"><img loading=\"lazy\" decoding=\"async\" alt=\"\" src=\"\/\/cetinfamily.com.tr\/wp-content\/uploads\/2022\/08\/24-1.jpg\" class=\"img-responsive\" width=\"640\" height=\"480\"><span class=\"thumb-info-title\"><span class=\"thumb-info-inner\">\u00c7etin Family Setba\u015f\u0131<em><\/em><\/span><span class=\"thumb-info-type\">Bursa<\/span><\/span><\/span><\/a><\/div><\/div><div class=\"porto-image-frame \"><div class=\"thumb-info thumb-info-box-shadow\"><a href=\"https:\/\/cetinfamily.com.tr\/it\/campi-di-attivita-informazioni#setbasishoes\" title=\"\" target=\"_blank\"><span class=\"thumb-info-wrapper\"><img loading=\"lazy\" decoding=\"async\" alt=\"\" src=\"\/\/cetinfamily.com.tr\/wp-content\/uploads\/2022\/08\/12-1.jpg\" class=\"img-responsive\" width=\"640\" height=\"480\"><span class=\"thumb-info-title\"><span class=\"thumb-info-inner\">\u00c7etin Family Shoes Setba\u015f\u0131<em><\/em><\/span><span class=\"thumb-info-type\">Bursa<\/span><\/span><\/span><\/a><\/div><\/div><div class=\"porto-image-frame \"><div class=\"thumb-info thumb-info-box-shadow\"><a href=\"https:\/\/cetinfamily.com.tr\/it\/campi-di-attivita-informazioni#leviskorupark\" title=\"\" target=\"_blank\"><span class=\"thumb-info-wrapper\"><img loading=\"lazy\" decoding=\"async\" alt=\"\" src=\"\/\/cetinfamily.com.tr\/wp-content\/uploads\/2024\/10\/IMG_7179-copy-640x480.jpg\" class=\"img-responsive\" width=\"640\" height=\"480\"><span class=\"thumb-info-title\"><span class=\"thumb-info-inner\">Exxe X Korupark<em><\/em><\/span><span class=\"thumb-info-type\">Bursa<\/span><\/span><\/span><\/a><\/div><\/div><div class=\"porto-image-frame \"><div class=\"thumb-info thumb-info-box-shadow\"><a href=\"https:\/\/cetinfamily.com.tr\/it\/campi-di-attivita-informazioni#exxeshoes\" title=\"\" target=\"_blank\"><span class=\"thumb-info-wrapper\"><img loading=\"lazy\" decoding=\"async\" alt=\"\" src=\"\/\/cetinfamily.com.tr\/wp-content\/uploads\/2022\/08\/shoes-1.jpg\" class=\"img-responsive\" width=\"640\" height=\"480\"><span class=\"thumb-info-title\"><span class=\"thumb-info-inner\">Exxe Shoes Zafer Plaza<em><\/em><\/span><span class=\"thumb-info-type\">Bursa<\/span><\/span><\/span><\/a><\/div><\/div><\/div>[\/vc_column][\/vc_row][vc_row full_width=&#8221;stretch_row_content_no_spaces&#8221; css=&#8221;.vc_custom_1654865094582{margin-top: -50px !important;}&#8221;][vc_column]<div class=\"porto-btn-ctn-center \"><a class=\"porto-btn porto-adjust-bottom-margin porto-btn-block porto-btn-fade-bg   wpb_custom_131955fcd14f33eea99facf386e665c6  porto-btn-center \" title='Perakende Ma\u011fazac\u0131l\u0131k' rel='' href = \"https:\/\/cetinfamily.com.tr\/perakende-magazacilik-bilgileri\/\"  data-hover=\"\" data-border-color=\"\" data-bg=\"#212529\" data-hover-bg=\"#dd3333\" data-border-hover=\"\" data-shadow-click=\"none\" data-shadow=\"\" style=\"border:none;background: #212529;color: #ffffff;\"><span class=\"porto-btn-hover\" style=\"background-color:#dd3333\"><\/span><span class=\"porto-btn-data porto-btn-text \" >tutti i negozi<\/span><\/a><\/div>[\/vc_column][\/vc_row]<\/p>\n<\/div>","protected":false},"excerpt":{"rendered":"<p>[vc_row][vc_column][vc_column_text]I negozi al dettaglio all\u2019interno di \u00c7etin Group, con i nomi di \u00c7etin Family, The She, \u00c7etin Family Shoes, \u00c7etin Outlet ed Exxe Shoes, offrono un\u2019opzione di multimarca nelle categorie di abbigliamento e calzature da donna, uomo, bambino. Inoltre, sulla base della forte partnership che continua da molti anni con il marchio Levi\u2019s, \u00c7etin Group [&hellip;]<\/p>\n","protected":false},"author":1,"featured_media":0,"parent":0,"menu_order":0,"comment_status":"closed","ping_status":"closed","template":"","meta":{"footnotes":""},"class_list":["post-8364","page","type-page","status-publish","hentry"],"_links":{"self":[{"href":"https:\/\/cetinfamily.com.tr\/it\/wp-json\/wp\/v2\/pages\/8364"}],"collection":[{"href":"https:\/\/cetinfamily.com.tr\/it\/wp-json\/wp\/v2\/pages"}],"about":[{"href":"https:\/\/cetinfamily.com.tr\/it\/wp-json\/wp\/v2\/types\/page"}],"author":[{"embeddable":true,"href":"https:\/\/cetinfamily.com.tr\/it\/wp-json\/wp\/v2\/users\/1"}],"replies":[{"embeddable":true,"href":"https:\/\/cetinfamily.com.tr\/it\/wp-json\/wp\/v2\/comments?post=8364"}],"version-history":[{"count":6,"href":"https:\/\/cetinfamily.com.tr\/it\/wp-json\/wp\/v2\/pages\/8364\/revisions"}],"predecessor-version":[{"id":10424,"href":"https:\/\/cetinfamily.com.tr\/it\/wp-json\/wp\/v2\/pages\/8364\/revisions\/10424"}],"wp:attachment":[{"href":"https:\/\/cetinfamily.com.tr\/it\/wp-json\/wp\/v2\/media?parent=8364"}],"curies":[{"name":"wp","href":"https:\/\/api.w.org\/{rel}","templated":true}]}}