{"id":5835,"date":"2022-08-24T12:19:19","date_gmt":"2022-08-24T12:19:19","guid":{"rendered":"https:\/\/cetinfamily.com.tr\/kurumsal\/"},"modified":"2024-07-11T07:55:24","modified_gmt":"2024-07-11T07:55:24","slug":"chi-siamo","status":"publish","type":"page","link":"https:\/\/cetinfamily.com.tr\/it\/chi-siamo\/","title":{"rendered":"Chi siamo?"},"content":{"rendered":"<div class=\"wpb-content-wrapper\"><p>[vc_row][vc_column]\t<style>\r\n\t\t.porto-blockquote1120510325 blockquote { border-color: #dd3333; }\r\n\t<\/style>\r\n\t<div class=\"porto-blockquote wpb_content_element  porto-blockquote1120510325\"><blockquote class=\"  \"><p>\n<h2>I Negozi Della Tua Famiglia<\/h2>\n<p><\/p><\/blockquote><\/div>[\/vc_column][\/vc_row][vc_row][vc_column][vc_column_text]\u00c7etin Family Group ha iniziato la sua attivit\u00e0 commerciale con il suo primo negozio aperto nel 1982 e oggi, con le sue 21 filiali, fornisce ai suoi clienti un servizio orientato alla soddisfazione al 100% in molte localit\u00e0 in Turchia. Crescendo e sviluppandosi senza sacrificare i principi di laboriosit\u00e0 e onest\u00e0, i negozi di \u00c7etin Group continuano ad aumentare i loro progetti al fine di assicurare la felicit\u00e0 dei propri clienti di ogni gruppo sociale. Il concetto di \u201cfamiglia\u201d aggiunto al nome dell\u2019azienda associa il rapporto sincero e rispettoso che ha instaurato con i suoi stimati clienti e con il suo forte staff alla cultura dell\u2019essere una famiglia. Con il servizio di vendita one-to-one offerto dallo staff dei consulenti di vendita, fa sentire ai clienti di ricevere un servizio privilegiato e consente loro di godersi la propria esperienza di acquisto. \u00c7etin Family Group offre la sua vasta gamma di prodotti ai suoi preziosi clienti senza compromettere l\u2019alta qualit\u00e0 del servizio nei suoi negozi moderni e spaziosamente arredati.<\/p>\n<p>I negozi di \u00c7etin Group, che introducono molte innovazioni al settore, aderiscono ai principi di sviluppo continuo, offrono ai suoi stimati clienti i prodotti pi\u00f9 esclusivi per donna, uomo e bambino della Turchia e del mondo e che mirano a garantire il 100% di soddisfazione del cliente, attenendosi ai propri valori con lo slogan \u201cI negozi vostri e delle vostre famiglie\u201d continua a prestare servizio con un totale di 21 negozi a Bursa, \u0130stanbul, Antalya, Afyon, Susurluk e Gebze e 3 negozi di vendita online sotto le piattaforme markastok.com, exxeselection.com e lela.com.tr.<\/p>\n<p>La visione di \u00c7etin Family Group \u00e8 quella di svolgere un ruolo importante nell\u2019aumentare la capacit\u00e0 di esportazione della Turchia espandendo i suoi progetti globali. La sua missione invece \u00e8 portare i propri marchi privati e quelli globali e locali, di cui \u00e8 partner, ai propri clienti con i prezzi competitivi e l\u2019alta qualit\u00e0.[\/vc_column_text][\/vc_column][\/vc_row][vc_row full_width=&#8221;stretch_row_content_no_spaces&#8221; parallax=&#8221;content-moving&#8221; parallax_image=&#8221;2805&#8243; parallax_speed_bg=&#8221;8&#8243; wrap_container=&#8221;yes&#8221; section_text_color=&#8221;light&#8221; is_section=&#8221;yes&#8221; section_skin=&#8221;primary&#8221; css=&#8221;.vc_custom_1655066986949{background-image: url(https:\/\/cetinfamily.com.tr\/wp-content\/uploads\/2022\/06\/rakamlarla-CF-alt-zemin.jpg?id=2805) !important;background-position: center;background-repeat: no-repeat !important;background-size: contain !important;}&#8221;][vc_column width=&#8221;1\/3&#8243;]<div class=\"stats-block stats-top   wpb_custom_a9cfd7c164fa481c8adde321168b34e4\"><div class=\"stats-desc\"><div id=\"counter_59334870869fc94cb53f8a\" data-id=\"counter_59334870869fc94cb53f8a\" class=\"stats-number\" style=\" \" data-speed=\"2\" data-counter-value=\"30\" data-separator=\",\" data-decimal=\".\">0<\/div><div class=\"stats-text\" style=\"\">Nazione<\/div><\/div><\/div>[\/vc_column][vc_column width=&#8221;1\/3&#8243;]<div class=\"stats-block stats-top   wpb_custom_a9cfd7c164fa481c8adde321168b34e4\"><div class=\"stats-desc\"><div id=\"counter_117599324569fc94cb540ce\" data-id=\"counter_117599324569fc94cb540ce\" class=\"stats-number\" style=\" \" data-speed=\"2\" data-counter-value=\"150\" data-separator=\",\" data-decimal=\".\">0<\/div><div class=\"counter_suffix mycust\" style=\" \">+<\/div><div class=\"stats-text\" style=\"\">Numero di marche<\/div><\/div><\/div>[\/vc_column][vc_column width=&#8221;1\/3&#8243;]<div class=\"stats-block stats-top   wpb_custom_a9cfd7c164fa481c8adde321168b34e4\"><div class=\"stats-desc\"><div id=\"counter_140924769469fc94cb5421c\" data-id=\"counter_140924769469fc94cb5421c\" class=\"stats-number\" style=\" \" data-speed=\"2\" data-counter-value=\"300\" data-separator=\",\" data-decimal=\".\">0<\/div><div class=\"counter_suffix mycust\" style=\" \">+<\/div><div class=\"stats-text\" style=\"\">Numero di dipendenti<\/div><\/div><\/div>[\/vc_column][\/vc_row][vc_row wrap_container=&#8221;yes&#8221; is_section=&#8221;yes&#8221; section_skin=&#8221;parallax&#8221; remove_margin_top=&#8221;yes&#8221; remove_margin_bottom=&#8221;yes&#8221; remove_border=&#8221;yes&#8221;][vc_column width=&#8221;2\/3&#8243; offset=&#8221;vc_col-sm-offset-2&#8243;]<section class=\"timeline wpb_custom_aa84c36a6a947f6099708744f0f74b68\"><div class=\"timeline-body\"><div class=\"timeline-date\"><h3 class=\"time-text step-item-subtitle\">1982<\/h3><\/div><article class=\"timeline-box left\" data-appear-animation=\"fadeIn\"><div><img decoding=\"async\" src=\"\/\/cetinfamily.com.tr\/wp-content\/uploads\/2022\/07\/st1.jpg\" class=\"img-responsive\" alt=\"Il primo \u00c7etin Family Store \u00e8 stato aperto a Bur\u00e7 Pasaj\u0131.\"><h4 class=\"timeline-item-title step-item-title\">Il primo \u00c7etin Family Store \u00e8 stato aperto a Bur\u00e7 Pasaj\u0131.<\/h4><div class=\"timeline-item-content\"><\/div><\/div><\/article><div class=\"timeline-date\"><h3 class=\"time-text step-item-subtitle\">1986<\/h3><\/div><article class=\"timeline-box right\" data-appear-animation=\"fadeIn\"><div><img decoding=\"async\" src=\"\/\/cetinfamily.com.tr\/wp-content\/uploads\/2022\/07\/st2.jpg\" class=\"img-responsive\" alt=\"Il primo negozio di strada \u00e8 stato aperto ad Alt\u0131parmak.\"><h4 class=\"timeline-item-title step-item-title\">Il primo negozio di strada \u00e8 stato aperto ad Alt\u0131parmak.<\/h4><div class=\"timeline-item-content\"><\/div><\/div><\/article><div class=\"timeline-date\"><h3 class=\"time-text step-item-subtitle\">1990<\/h3><\/div><article class=\"timeline-box left\" data-appear-animation=\"fadeIn\"><div><img decoding=\"async\" src=\"\/\/cetinfamily.com.tr\/wp-content\/uploads\/2022\/07\/st3.jpg\" class=\"img-responsive\" alt=\"Iniziano le vendite di abbigliamento donna e bambino.\"><h4 class=\"timeline-item-title step-item-title\">Iniziano le vendite di abbigliamento donna e bambino.<\/h4><div class=\"timeline-item-content\"><\/div><\/div><\/article><div class=\"timeline-date\"><h3 class=\"time-text step-item-subtitle\">1990<\/h3><\/div><article class=\"timeline-box right\" data-appear-animation=\"fadeIn\"><div><img decoding=\"async\" src=\"\/\/cetinfamily.com.tr\/wp-content\/uploads\/2022\/07\/st4.jpg\" class=\"img-responsive\" alt=\"\u00c7etin Family la filiale di Be\u015fevler \u00e8 stata aperta.\"><h4 class=\"timeline-item-title step-item-title\">\u00c7etin Family la filiale di Be\u015fevler \u00e8 stata aperta.<\/h4><div class=\"timeline-item-content\"><\/div><\/div><\/article><div class=\"timeline-date\"><h3 class=\"time-text step-item-subtitle\">1995<\/h3><\/div><article class=\"timeline-box left\" data-appear-animation=\"fadeIn\"><div><img decoding=\"async\" src=\"\/\/cetinfamily.com.tr\/wp-content\/uploads\/2022\/07\/st5.jpg\" class=\"img-responsive\" alt=\"Viene aperto The She, il primo negozio dedicato all&#039;abbigliamento femminile.\"><h4 class=\"timeline-item-title step-item-title\">Viene aperto The She, il primo negozio dedicato all&#039;abbigliamento femminile.<\/h4><div class=\"timeline-item-content\"><\/div><\/div><\/article><div class=\"timeline-date\"><h3 class=\"time-text step-item-subtitle\">1996<\/h3><\/div><article class=\"timeline-box right\" data-appear-animation=\"fadeIn\"><div><img decoding=\"async\" src=\"\/\/cetinfamily.com.tr\/wp-content\/uploads\/2022\/07\/st6.jpg\" class=\"img-responsive\" alt=\"Ha aperto il suo primo negozio ufficiale Levi&#039;s.\"><h4 class=\"timeline-item-title step-item-title\">Ha aperto il suo primo negozio ufficiale Levi&#039;s.<\/h4><div class=\"timeline-item-content\"><\/div><\/div><\/article><div class=\"timeline-date\"><h3 class=\"time-text step-item-subtitle\">1997<\/h3><\/div><article class=\"timeline-box left\" data-appear-animation=\"fadeIn\"><div><img decoding=\"async\" src=\"\/\/cetinfamily.com.tr\/wp-content\/uploads\/2022\/07\/st7.jpg\" class=\"img-responsive\" alt=\"Viene aperto il primo negozio di abbigliamento di lusso di Bursa, Exxe Selection.\"><h4 class=\"timeline-item-title step-item-title\">Viene aperto il primo negozio di abbigliamento di lusso di Bursa, Exxe Selection.<\/h4><div class=\"timeline-item-content\"><\/div><\/div><\/article><div class=\"timeline-date\"><h3 class=\"time-text step-item-subtitle\">2006<\/h3><\/div><article class=\"timeline-box right\" data-appear-animation=\"fadeIn\"><div><img decoding=\"async\" src=\"\/\/cetinfamily.com.tr\/wp-content\/uploads\/2022\/07\/st8.jpg\" class=\"img-responsive\" alt=\"\u00c8 stato aperto il canale di vendita online Markastok.com.\"><h4 class=\"timeline-item-title step-item-title\">\u00c8 stato aperto il canale di vendita online Markastok.com.<\/h4><div class=\"timeline-item-content\"><\/div><\/div><\/article><div class=\"timeline-date\"><h3 class=\"time-text step-item-subtitle\">2007<\/h3><\/div><article class=\"timeline-box left\" data-appear-animation=\"fadeIn\"><div><img decoding=\"async\" src=\"\/\/cetinfamily.com.tr\/wp-content\/uploads\/2022\/07\/st9.jpg\" class=\"img-responsive\" alt=\"\u00c8 stato aperto il pi\u00f9 grande negozio di abbigliamento di lusso di Bursa, Exxe Selection.\"><h4 class=\"timeline-item-title step-item-title\">\u00c8 stato aperto il pi\u00f9 grande negozio di abbigliamento di lusso di Bursa, Exxe Selection.<\/h4><div class=\"timeline-item-content\"><\/div><\/div><\/article><div class=\"timeline-date\"><h3 class=\"time-text step-item-subtitle\">2010<\/h3><\/div><article class=\"timeline-box right\" data-appear-animation=\"fadeIn\"><div><img decoding=\"async\" src=\"\/\/cetinfamily.com.tr\/wp-content\/uploads\/2022\/08\/st10.jpg\" class=\"img-responsive\" alt=\"Inaugurato il negozio Bursa Korupark AVM Emporio Armani.\"><h4 class=\"timeline-item-title step-item-title\">Inaugurato il negozio Bursa Korupark AVM Emporio Armani.<\/h4><div class=\"timeline-item-content\"><\/div><\/div><\/article><div class=\"timeline-date\"><h3 class=\"time-text step-item-subtitle\">2011<\/h3><\/div><article class=\"timeline-box left\" data-appear-animation=\"fadeIn\"><div><img decoding=\"async\" src=\"\/\/cetinfamily.com.tr\/wp-content\/uploads\/2022\/07\/st11.jpg\" class=\"img-responsive\" alt=\"Exxe Selection Bal\u0131kesir, il negozio Susurluk \u00e8 stato messo in servizio.\"><h4 class=\"timeline-item-title step-item-title\">Exxe Selection Bal\u0131kesir, il negozio Susurluk \u00e8 stato messo in servizio.<\/h4><div class=\"timeline-item-content\"><\/div><\/div><\/article><div class=\"timeline-date\"><h3 class=\"time-text step-item-subtitle\">2012<\/h3><\/div><article class=\"timeline-box right\" data-appear-animation=\"fadeIn\"><div><img decoding=\"async\" src=\"\/\/cetinfamily.com.tr\/wp-content\/uploads\/2022\/07\/st12.jpg\" class=\"img-responsive\" alt=\"Lanciato il canale di vendita online di abbigliamento di lusso exxeseselection.com.\"><h4 class=\"timeline-item-title step-item-title\">Lanciato il canale di vendita online di abbigliamento di lusso exxeseselection.com.<\/h4><div class=\"timeline-item-content\"><\/div><\/div><\/article><div class=\"timeline-date\"><h3 class=\"time-text step-item-subtitle\">2013<\/h3><\/div><article class=\"timeline-box left\" data-appear-animation=\"fadeIn\"><div><img decoding=\"async\" src=\"\/\/cetinfamily.com.tr\/wp-content\/uploads\/2022\/07\/st13.jpg\" class=\"img-responsive\" alt=\"Il negozio Exxe Selection Afyon \u00e8 stato messo in servizio.\"><h4 class=\"timeline-item-title step-item-title\">Il negozio Exxe Selection Afyon \u00e8 stato messo in servizio.<\/h4><div class=\"timeline-item-content\"><\/div><\/div><\/article><div class=\"timeline-date\"><h3 class=\"time-text step-item-subtitle\">2014<\/h3><\/div><article class=\"timeline-box right\" data-appear-animation=\"fadeIn\"><div><img decoding=\"async\" src=\"\/\/cetinfamily.com.tr\/wp-content\/uploads\/2022\/07\/st14.jpg\" class=\"img-responsive\" alt=\"Markastok ha iniziato a vendere su tutti i siti web del mercato turco.\"><h4 class=\"timeline-item-title step-item-title\">Markastok ha iniziato a vendere su tutti i siti web del mercato turco.<\/h4><div class=\"timeline-item-content\"><\/div><\/div><\/article><div class=\"timeline-date\"><h3 class=\"time-text step-item-subtitle\">2014<\/h3><\/div><article class=\"timeline-box left\" data-appear-animation=\"fadeIn\"><div><img decoding=\"async\" src=\"\/\/cetinfamily.com.tr\/wp-content\/uploads\/2022\/07\/st15.jpg\" class=\"img-responsive\" alt=\"Inaugurato il negozio Emporio Armani ad Istanbul Akasya AVM.\"><h4 class=\"timeline-item-title step-item-title\">Inaugurato il negozio Emporio Armani ad Istanbul Akasya AVM.<\/h4><div class=\"timeline-item-content\"><\/div><\/div><\/article><div class=\"timeline-date\"><h3 class=\"time-text step-item-subtitle\">2015<\/h3><\/div><article class=\"timeline-box right\" data-appear-animation=\"fadeIn\"><div><img decoding=\"async\" src=\"\/\/cetinfamily.com.tr\/wp-content\/uploads\/2022\/07\/st16.jpg\" class=\"img-responsive\" alt=\"Nasce il marchio di abbigliamento maschile Buratti.\"><h4 class=\"timeline-item-title step-item-title\">Nasce il marchio di abbigliamento maschile Buratti.<\/h4><div class=\"timeline-item-content\"><\/div><\/div><\/article><div class=\"timeline-date\"><h3 class=\"time-text step-item-subtitle\">2016<\/h3><\/div><article class=\"timeline-box left\" data-appear-animation=\"fadeIn\"><div><img decoding=\"async\" src=\"\/\/cetinfamily.com.tr\/wp-content\/uploads\/2022\/07\/st17.jpg\" class=\"img-responsive\" alt=\"Il negozio Exxe Selection Kocaeli Dilovas\u0131 Oxygen AVM \u00e8 stato messo in servizio.\"><h4 class=\"timeline-item-title step-item-title\">Il negozio Exxe Selection Kocaeli Dilovas\u0131 Oxygen AVM \u00e8 stato messo in servizio.<\/h4><div class=\"timeline-item-content\"><\/div><\/div><\/article><div class=\"timeline-date\"><h3 class=\"time-text step-item-subtitle\">2018<\/h3><\/div><article class=\"timeline-box right\" data-appear-animation=\"fadeIn\"><div><img decoding=\"async\" src=\"\/\/cetinfamily.com.tr\/wp-content\/uploads\/2022\/07\/st18.jpg\" class=\"img-responsive\" alt=\"Nasce il brand di abbigliamento donna e bambino Lela.\"><h4 class=\"timeline-item-title step-item-title\">Nasce il brand di abbigliamento donna e bambino Lela.<\/h4><div class=\"timeline-item-content\"><\/div><\/div><\/article><div class=\"timeline-date\"><h3 class=\"time-text step-item-subtitle\">2019<\/h3><\/div><article class=\"timeline-box left\" data-appear-animation=\"fadeIn\"><div><img decoding=\"async\" src=\"\/\/cetinfamily.com.tr\/wp-content\/uploads\/2022\/07\/st19.jpg\" class=\"img-responsive\" alt=\"Il negozio Exxe Selection Antalya \u00e8 stato messo in servizio.\"><h4 class=\"timeline-item-title step-item-title\">Il negozio Exxe Selection Antalya \u00e8 stato messo in servizio.<\/h4><div class=\"timeline-item-content\"><\/div><\/div><\/article><div class=\"timeline-date\"><h3 class=\"time-text step-item-subtitle\">2020<\/h3><\/div><article class=\"timeline-box right\" data-appear-animation=\"fadeIn\"><div><img decoding=\"async\" src=\"\/\/cetinfamily.com.tr\/wp-content\/uploads\/2022\/07\/st20.jpg\" class=\"img-responsive\" alt=\"Il marchio di abbigliamento per donna e bambino lela.com.tr ha iniziato le vendite online.\"><h4 class=\"timeline-item-title step-item-title\">Il marchio di abbigliamento per donna e bambino lela.com.tr ha iniziato le vendite online.<\/h4><div class=\"timeline-item-content\"><\/div><\/div><\/article><div class=\"timeline-date\"><h3 class=\"time-text step-item-subtitle\">2021<\/h3><\/div><article class=\"timeline-box left\" data-appear-animation=\"fadeIn\"><div><img decoding=\"async\" src=\"\/\/cetinfamily.com.tr\/wp-content\/uploads\/2022\/07\/st21.jpg\" class=\"img-responsive\" alt=\"Buratti e Lela Brands sono offerti in vendita su siti web online europei.\"><h4 class=\"timeline-item-title step-item-title\">Buratti e Lela Brands sono offerti in vendita su siti web online europei.<\/h4><div class=\"timeline-item-content\"><\/div><\/div><\/article><div class=\"timeline-date\"><h3 class=\"time-text step-item-subtitle\">2021<\/h3><\/div><article class=\"timeline-box right\" data-appear-animation=\"fadeIn\"><div><img decoding=\"async\" src=\"\/\/cetinfamily.com.tr\/wp-content\/uploads\/2022\/08\/st22.jpg\" class=\"img-responsive\" alt=\"Il negozio The She ha aperto nel centro commerciale Bursa Kent Meydan\u0131.\"><h4 class=\"timeline-item-title step-item-title\">Il negozio The She ha aperto nel centro commerciale Bursa Kent Meydan\u0131.<\/h4><div class=\"timeline-item-content\"><\/div><\/div><\/article><\/div><\/section>[\/vc_column][\/vc_row]<\/p>\n<\/div>","protected":false},"excerpt":{"rendered":"<p>[vc_row][vc_column][\/vc_column][\/vc_row][vc_row][vc_column][vc_column_text]\u00c7etin Family Group ha iniziato la sua attivit\u00e0 commerciale con il suo primo negozio aperto nel 1982 e oggi, con le sue 21 filiali, fornisce ai suoi clienti un servizio orientato alla soddisfazione al 100% in molte localit\u00e0 in Turchia. Crescendo e sviluppandosi senza sacrificare i principi di laboriosit\u00e0 e onest\u00e0, i negozi di \u00c7etin [&hellip;]<\/p>\n","protected":false},"author":1,"featured_media":0,"parent":0,"menu_order":0,"comment_status":"closed","ping_status":"closed","template":"","meta":{"footnotes":""},"class_list":["post-5835","page","type-page","status-publish","hentry"],"_links":{"self":[{"href":"https:\/\/cetinfamily.com.tr\/it\/wp-json\/wp\/v2\/pages\/5835"}],"collection":[{"href":"https:\/\/cetinfamily.com.tr\/it\/wp-json\/wp\/v2\/pages"}],"about":[{"href":"https:\/\/cetinfamily.com.tr\/it\/wp-json\/wp\/v2\/types\/page"}],"author":[{"embeddable":true,"href":"https:\/\/cetinfamily.com.tr\/it\/wp-json\/wp\/v2\/users\/1"}],"replies":[{"embeddable":true,"href":"https:\/\/cetinfamily.com.tr\/it\/wp-json\/wp\/v2\/comments?post=5835"}],"version-history":[{"count":6,"href":"https:\/\/cetinfamily.com.tr\/it\/wp-json\/wp\/v2\/pages\/5835\/revisions"}],"predecessor-version":[{"id":10168,"href":"https:\/\/cetinfamily.com.tr\/it\/wp-json\/wp\/v2\/pages\/5835\/revisions\/10168"}],"wp:attachment":[{"href":"https:\/\/cetinfamily.com.tr\/it\/wp-json\/wp\/v2\/media?parent=5835"}],"curies":[{"name":"wp","href":"https:\/\/api.w.org\/{rel}","templated":true}]}}