{"id":10051,"date":"2022-08-29T11:29:35","date_gmt":"2022-08-29T11:29:35","guid":{"rendered":"https:\/\/cetinfamily.com.tr\/exxe-selection-bursa\/"},"modified":"2022-08-29T11:30:38","modified_gmt":"2022-08-29T11:30:38","slug":"exxe-selection-bursa","status":"publish","type":"page","link":"https:\/\/cetinfamily.com.tr\/it\/exxe-selection-bursa\/","title":{"rendered":"Exxe Selection Bursa"},"content":{"rendered":"<div class=\"wpb-content-wrapper\"><p>[vc_row full_width=&#8221;stretch_row_content_no_spaces&#8221; wrap_container=&#8221;yes&#8221; is_section=&#8221;yes&#8221; remove_margin_top=&#8221;yes&#8221; remove_margin_bottom=&#8221;yes&#8221; remove_padding_top=&#8221;yes&#8221; remove_padding_bottom=&#8221;yes&#8221; css=&#8221;.vc_custom_1659680629098{margin-top: -35px !important;}&#8221;][vc_column width=&#8221;3\/4&#8243;][vc_gmaps link=&#8221;#E-8_JTNDaWZyYW1lJTIwc3JjJTNEJTIyaHR0cHMlM0ElMkYlMkZ3d3cuZ29vZ2xlLmNvbSUyRm1hcHMlMkZlbWJlZCUzRnBiJTNEJTIxMW0xNCUyMTFtOCUyMTFtMyUyMTFkMTIxODAuMjQ3MTczMDEyNzY3JTIxMmQyOC45NTYxOTUwMDAwMDAwMDUlMjEzZDQwLjI1MjE1ODAwMDAwMDAxJTIxM20yJTIxMWkxMDI0JTIxMmk3NjglMjE0ZjEzLjElMjEzbTMlMjExbTIlMjExczB4MCUyNTNBMHgyYjcwZDE5NjNkN2Y4NTRjJTIxMnNFeHhlJTI1MjBTZWxlY3Rpb24lMjE1ZTAlMjEzbTIlMjExc3RyJTIxMnN0ciUyMTR2MTY1OTE4NTMyNzY4OCUyMTVtMiUyMTFzdHIlMjEyc3RyJTIyJTIwd2lkdGglM0QlMjI2MDAlMjIlMjBoZWlnaHQlM0QlMjI0NTAlMjIlMjBzdHlsZSUzRCUyMmJvcmRlciUzQTAlM0IlMjIlMjBhbGxvd2Z1bGxzY3JlZW4lM0QlMjIlMjIlMjBsb2FkaW5nJTNEJTIybGF6eSUyMiUyMHJlZmVycmVycG9saWN5JTNEJTIybm8tcmVmZXJyZXItd2hlbi1kb3duZ3JhZGUlMjIlM0UlM0MlMkZpZnJhbWUlM0U=&#8221; size=&#8221;260&#8243;][\/vc_column][vc_column width=&#8221;1\/4&#8243;][vc_empty_space height=&#8221;50px&#8221;]<div class=\"porto-sicon-box  wpb_custom_991192e517ba80822b25b68bbbc51b14 style_1 default-icon\"><div class=\"porto-sicon-default\"><div class=\"porto-just-icon-wrapper porto-icon circle\" style=\"color:#ffffff;background:#dd3333;font-size:14px;\"><i class=\"fas fa-map-marker-alt\"><\/i><\/div><\/div><div class=\"porto-sicon-header\"><h3 class=\"porto-sicon-title\" style=\"font-size:14px;\"><strong>Indirizzo: <\/strong>Mudanya Yolu 9.Km Korupark Yan\u0131 Nil\u00fcfer \/ BURSA<\/h3><\/div> <!-- header --><\/div><!-- porto-sicon-box --><div class=\"porto-sicon-box  wpb_custom_991192e517ba80822b25b68bbbc51b14 style_1 default-icon\"><div class=\"porto-sicon-default\"><div class=\"porto-just-icon-wrapper porto-icon circle\" style=\"color:#ffffff;background:#dd3333;font-size:14px;\"><i class=\"fas fa-phone\"><\/i><\/div><\/div><div class=\"porto-sicon-header\"><h3 class=\"porto-sicon-title\" style=\"font-size:14px;\"><strong>Telefono: <\/strong>+90 (224) 243 37 77<\/h3><\/div> <!-- header --><\/div><!-- porto-sicon-box --><div class=\"porto-sicon-box  wpb_custom_991192e517ba80822b25b68bbbc51b14 style_1 default-icon\"><div class=\"porto-sicon-default\"><div class=\"porto-just-icon-wrapper porto-icon circle\" style=\"color:#ffffff;background:#dd3333;font-size:14px;\"><i class=\"far fa-envelope\"><\/i><\/div><\/div><div class=\"porto-sicon-header\"><h3 class=\"porto-sicon-title\" style=\"font-size:14px;\"><strong>Email:<\/strong> cetinfamily@cetinfamily.com.tr<\/h3><\/div> <!-- header --><\/div><!-- porto-sicon-box -->[\/vc_column][\/vc_row][vc_row][vc_column][vc_empty_space][vc_separator border_width=&#8221;2&#8243;][\/vc_column][\/vc_row][vc_row el_id=&#8221;cetinmudanya&#8221;][vc_column]\n\t\t\t<!-- START Exxe Selection Bursa REVOLUTION SLIDER 6.7.15 --><p class=\"rs-p-wp-fix\"><\/p>\n\t\t\t<rs-module-wrap id=\"rev_slider_28_1_wrapper\" data-source=\"post\" style=\"visibility:hidden;background:transparent;padding:0;margin:0px auto;margin-top:0;margin-bottom:0;\">\n\t\t\t\t<rs-module id=\"rev_slider_28_1\" style=\"\" data-version=\"6.7.15\">\n\t\t\t\t\t<rs-slides style=\"overflow: hidden; position: absolute;\">\n\t\t\t\t\t\t<rs-slide style=\"position: absolute;\" data-key=\"rs-8410\" data-title=\"Vendite aziendali\" data-thumb=\"\/\/cetinfamily.com.tr\/wp-content\/uploads\/2022\/08\/brs-1-160x160.jpg\" data-anim=\"adpr:false;ms:10;\" data-in=\"o:1;\" data-out=\"a:false;\">\n\t\t\t\t\t\t\t<img decoding=\"async\" src=\"\/\/cetinfamily.com.tr\/wp-content\/plugins\/revslider\/sr6\/assets\/assets\/dummy.png\" alt=\"\" title=\"brs-1\" width=\"640\" height=\"480\" class=\"rev-slidebg tp-rs-img rs-lazyload\" data-lazyload=\"\/\/cetinfamily.com.tr\/wp-content\/uploads\/2022\/08\/brs-1.jpg\" data-no-retina>\n<!--\n\t\t\t\t\t\t\t--><rs-layer\n\t\t\t\t\t\t\t\tid=\"slider-28-slide-8410-layer-2\" \n\t\t\t\t\t\t\t\tdata-type=\"object\"\n\t\t\t\t\t\t\t\tdata-rsp_ch=\"on\"\n\t\t\t\t\t\t\t\tdata-xy=\"xo:50px,50px,50px,19px;yo:50px,50px,50px,19px;\"\n\t\t\t\t\t\t\t\tdata-text=\"w:normal;s:20,20,20,7;l:0,0,0,9;\"\n\t\t\t\t\t\t\t\tdata-frame_999=\"o:0;st:w;\"\n\t\t\t\t\t\t\t\tstyle=\"z-index:14;font-family:'Roboto';\"\n\t\t\t\t\t\t\t> \n\t\t\t\t\t\t\t<\/rs-layer><!--\n-->\t\t\t\t\t<\/rs-slide>\n\t\t\t\t\t\t<rs-slide style=\"position: absolute;\" data-key=\"rs-10220\" data-title=\"The She Zafer Plaza\" data-thumb=\"\/\/cetinfamily.com.tr\/wp-content\/uploads\/2022\/08\/brs-2-160x160.jpg\" data-anim=\"adpr:false;ms:10;\" data-in=\"o:1;\" data-out=\"a:false;\">\n\t\t\t\t\t\t\t<img decoding=\"async\" src=\"\/\/cetinfamily.com.tr\/wp-content\/plugins\/revslider\/sr6\/assets\/assets\/dummy.png\" alt=\"\" title=\"brs-2\" width=\"640\" height=\"480\" class=\"rev-slidebg tp-rs-img rs-lazyload\" data-lazyload=\"\/\/cetinfamily.com.tr\/wp-content\/uploads\/2022\/08\/brs-2.jpg\" data-no-retina>\n<!---->\t\t\t\t\t<\/rs-slide>\n\t\t\t\t\t\t<rs-slide style=\"position: absolute;\" data-key=\"rs-10226\" data-title=\"The She Kent Meydan\u0131\" data-thumb=\"\/\/cetinfamily.com.tr\/wp-content\/uploads\/2022\/08\/brs-3-160x160.jpg\" data-anim=\"adpr:false;\" data-in=\"o:0;\" data-out=\"a:false;\">\n\t\t\t\t\t\t\t<img decoding=\"async\" src=\"\/\/cetinfamily.com.tr\/wp-content\/plugins\/revslider\/sr6\/assets\/assets\/dummy.png\" alt=\"\" title=\"brs-3\" width=\"640\" height=\"480\" class=\"rev-slidebg tp-rs-img rs-lazyload\" data-lazyload=\"\/\/cetinfamily.com.tr\/wp-content\/uploads\/2022\/08\/brs-3.jpg\" data-no-retina>\n<!---->\t\t\t\t\t<\/rs-slide>\n\t\t\t\t\t\t<rs-slide style=\"position: absolute;\" data-key=\"rs-9786\" data-title=\"Servizi della societ\u00e0 dell\u2019informazione\" data-thumb=\"\/\/cetinfamily.com.tr\/wp-content\/uploads\/2022\/08\/brs-4-160x160.jpg\" data-anim=\"adpr:false;\" data-in=\"o:0;\" data-out=\"a:false;\">\n\t\t\t\t\t\t\t<img decoding=\"async\" src=\"\/\/cetinfamily.com.tr\/wp-content\/plugins\/revslider\/sr6\/assets\/assets\/dummy.png\" alt=\"\" title=\"brs-4\" width=\"640\" height=\"480\" class=\"rev-slidebg tp-rs-img rs-lazyload\" data-lazyload=\"\/\/cetinfamily.com.tr\/wp-content\/uploads\/2022\/08\/brs-4.jpg\" data-no-retina>\n<!---->\t\t\t\t\t<\/rs-slide>\n\t\t\t\t\t\t<rs-slide style=\"position: absolute;\" data-key=\"rs-8404\" data-title=\"Risorse umane\" data-thumb=\"\/\/cetinfamily.com.tr\/wp-content\/uploads\/2022\/08\/brs-5-160x160.jpg\" data-anim=\"adpr:false;\" data-in=\"o:0;\" data-out=\"a:false;\">\n\t\t\t\t\t\t\t<img decoding=\"async\" src=\"\/\/cetinfamily.com.tr\/wp-content\/plugins\/revslider\/sr6\/assets\/assets\/dummy.png\" alt=\"\" title=\"brs-5\" width=\"640\" height=\"480\" class=\"rev-slidebg tp-rs-img rs-lazyload\" data-lazyload=\"\/\/cetinfamily.com.tr\/wp-content\/uploads\/2022\/08\/brs-5.jpg\" data-bg=\"p:center top;\" data-no-retina>\n<!---->\t\t\t\t\t<\/rs-slide>\n\t\t\t\t\t\t<rs-slide style=\"position: absolute;\" data-key=\"rs-8444\" data-title=\"Pagina iniziale\" data-thumb=\"\/\/cetinfamily.com.tr\/wp-content\/uploads\/2022\/08\/brs-6-160x160.jpg\" data-anim=\"adpr:false;\" data-in=\"o:0;\" data-out=\"a:false;\">\n\t\t\t\t\t\t\t<img decoding=\"async\" src=\"\/\/cetinfamily.com.tr\/wp-content\/plugins\/revslider\/sr6\/assets\/assets\/dummy.png\" alt=\"\" title=\"brs-6\" width=\"640\" height=\"480\" class=\"rev-slidebg tp-rs-img rs-lazyload\" data-lazyload=\"\/\/cetinfamily.com.tr\/wp-content\/uploads\/2022\/08\/brs-6.jpg\" data-bg=\"p:center top;\" data-no-retina>\n<!---->\t\t\t\t\t<\/rs-slide>\n\t\t\t\t\t\t<rs-slide style=\"position: absolute;\" data-key=\"rs-9734\" data-title=\"Merchandising di lusso\" data-thumb=\"\/\/cetinfamily.com.tr\/wp-content\/uploads\/2022\/08\/brs-7-160x160.jpg\" data-anim=\"adpr:false;\" data-in=\"o:0;\" data-out=\"a:false;\">\n\t\t\t\t\t\t\t<img decoding=\"async\" src=\"\/\/cetinfamily.com.tr\/wp-content\/plugins\/revslider\/sr6\/assets\/assets\/dummy.png\" alt=\"\" title=\"brs-7\" width=\"640\" height=\"480\" class=\"rev-slidebg tp-rs-img rs-lazyload\" data-lazyload=\"\/\/cetinfamily.com.tr\/wp-content\/uploads\/2022\/08\/brs-7.jpg\" data-bg=\"p:center top;\" data-no-retina>\n<!---->\t\t\t\t\t<\/rs-slide>\n\t\t\t\t\t\t<rs-slide style=\"position: absolute;\" data-key=\"rs-8374\" data-title=\"Merchandising di lusso\" data-thumb=\"\/\/cetinfamily.com.tr\/wp-content\/uploads\/2022\/08\/brs-8-160x160.jpg\" data-anim=\"adpr:false;\" data-in=\"o:0;\" data-out=\"a:false;\">\n\t\t\t\t\t\t\t<img decoding=\"async\" src=\"\/\/cetinfamily.com.tr\/wp-content\/plugins\/revslider\/sr6\/assets\/assets\/dummy.png\" alt=\"\" title=\"brs-8\" width=\"640\" height=\"480\" class=\"rev-slidebg tp-rs-img rs-lazyload\" data-lazyload=\"\/\/cetinfamily.com.tr\/wp-content\/uploads\/2022\/08\/brs-8.jpg\" data-bg=\"p:center top;\" data-no-retina>\n<!---->\t\t\t\t\t<\/rs-slide>\n\t\t\t\t\t\t<rs-slide style=\"position: absolute;\" data-key=\"rs-10093\" data-title=\"Levi&#8217;s Korupark\" data-thumb=\"\/\/cetinfamily.com.tr\/wp-content\/uploads\/2022\/08\/brs-9-160x160.jpg\" data-anim=\"adpr:false;\" data-in=\"o:0;\" data-out=\"a:false;\">\n\t\t\t\t\t\t\t<img decoding=\"async\" src=\"\/\/cetinfamily.com.tr\/wp-content\/plugins\/revslider\/sr6\/assets\/assets\/dummy.png\" alt=\"\" title=\"brs-9\" width=\"640\" height=\"480\" class=\"rev-slidebg tp-rs-img rs-lazyload\" data-lazyload=\"\/\/cetinfamily.com.tr\/wp-content\/uploads\/2022\/08\/brs-9.jpg\" data-bg=\"p:center top;\" data-no-retina>\n<!---->\t\t\t\t\t<\/rs-slide>\n\t\t\t\t\t\t<rs-slide style=\"position: absolute;\" data-key=\"rs-8394\" data-title=\"Importazione ed esportazione\" data-thumb=\"\/\/cetinfamily.com.tr\/wp-content\/uploads\/2022\/08\/brs-10-160x160.jpg\" data-anim=\"adpr:false;\" data-in=\"o:0;\" data-out=\"a:false;\">\n\t\t\t\t\t\t\t<img decoding=\"async\" src=\"\/\/cetinfamily.com.tr\/wp-content\/plugins\/revslider\/sr6\/assets\/assets\/dummy.png\" alt=\"\" title=\"brs-10\" width=\"640\" height=\"480\" class=\"rev-slidebg tp-rs-img rs-lazyload\" data-lazyload=\"\/\/cetinfamily.com.tr\/wp-content\/uploads\/2022\/08\/brs-10.jpg\" data-bg=\"p:center top;\" data-no-retina>\n<!---->\t\t\t\t\t<\/rs-slide>\n\t\t\t\t\t\t<rs-slide style=\"position: absolute;\" data-key=\"rs-10331\" data-title=\"Exxe X Korupark\" data-thumb=\"\/\/cetinfamily.com.tr\/wp-content\/uploads\/2022\/08\/brs-1-160x160.jpg\" data-anim=\"adpr:false;ms:10;\" data-in=\"o:1;\" data-out=\"a:false;\">\n\t\t\t\t\t\t\t<img decoding=\"async\" src=\"\/\/cetinfamily.com.tr\/wp-content\/plugins\/revslider\/sr6\/assets\/assets\/dummy.png\" alt=\"\" title=\"brs-1\" width=\"640\" height=\"480\" class=\"rev-slidebg tp-rs-img rs-lazyload\" data-lazyload=\"\/\/cetinfamily.com.tr\/wp-content\/uploads\/2022\/08\/brs-1.jpg\" data-no-retina>\n<!--\n\t\t\t\t\t\t\t--><rs-layer\n\t\t\t\t\t\t\t\tid=\"slider-28-slide-10331-layer-2\" \n\t\t\t\t\t\t\t\tdata-type=\"object\"\n\t\t\t\t\t\t\t\tdata-rsp_ch=\"on\"\n\t\t\t\t\t\t\t\tdata-xy=\"xo:50px,50px,50px,19px;yo:50px,50px,50px,19px;\"\n\t\t\t\t\t\t\t\tdata-text=\"w:normal;s:20,20,20,7;l:0,0,0,9;\"\n\t\t\t\t\t\t\t\tdata-frame_999=\"o:0;st:w;\"\n\t\t\t\t\t\t\t\tstyle=\"z-index:14;font-family:'Roboto';\"\n\t\t\t\t\t\t\t> \n\t\t\t\t\t\t\t<\/rs-layer><!--\n-->\t\t\t\t\t<\/rs-slide>\n\t\t\t\t\t\t<rs-slide style=\"position: absolute;\" data-key=\"rs-10069\" data-title=\"Exxe Shoes Zafer Plaza\" data-thumb=\"\/\/cetinfamily.com.tr\/wp-content\/uploads\/2022\/08\/brs-2-160x160.jpg\" data-anim=\"adpr:false;ms:10;\" data-in=\"o:1;\" data-out=\"a:false;\">\n\t\t\t\t\t\t\t<img decoding=\"async\" src=\"\/\/cetinfamily.com.tr\/wp-content\/plugins\/revslider\/sr6\/assets\/assets\/dummy.png\" alt=\"\" title=\"brs-2\" width=\"640\" height=\"480\" class=\"rev-slidebg tp-rs-img rs-lazyload\" data-lazyload=\"\/\/cetinfamily.com.tr\/wp-content\/uploads\/2022\/08\/brs-2.jpg\" data-no-retina>\n<!---->\t\t\t\t\t<\/rs-slide>\n\t\t\t\t\t\t<rs-slide style=\"position: absolute;\" data-key=\"rs-10336\" data-title=\"Exxe Selection Optimum\" data-thumb=\"\/\/cetinfamily.com.tr\/wp-content\/uploads\/2022\/08\/brs-3-160x160.jpg\" data-anim=\"adpr:false;\" data-in=\"o:0;\" data-out=\"a:false;\">\n\t\t\t\t\t\t\t<img decoding=\"async\" src=\"\/\/cetinfamily.com.tr\/wp-content\/plugins\/revslider\/sr6\/assets\/assets\/dummy.png\" alt=\"\" title=\"brs-3\" width=\"640\" height=\"480\" class=\"rev-slidebg tp-rs-img rs-lazyload\" data-lazyload=\"\/\/cetinfamily.com.tr\/wp-content\/uploads\/2022\/08\/brs-3.jpg\" data-no-retina>\n<!---->\t\t\t\t\t<\/rs-slide>\n\t\t\t\t\t\t<rs-slide style=\"position: absolute;\" data-key=\"rs-10215\" data-title=\"Exxe Selection Manisa\" data-thumb=\"\/\/cetinfamily.com.tr\/wp-content\/uploads\/2022\/08\/brs-4-160x160.jpg\" data-anim=\"adpr:false;\" data-in=\"o:0;\" data-out=\"a:false;\">\n\t\t\t\t\t\t\t<img decoding=\"async\" src=\"\/\/cetinfamily.com.tr\/wp-content\/plugins\/revslider\/sr6\/assets\/assets\/dummy.png\" alt=\"\" title=\"brs-4\" width=\"640\" height=\"480\" class=\"rev-slidebg tp-rs-img rs-lazyload\" data-lazyload=\"\/\/cetinfamily.com.tr\/wp-content\/uploads\/2022\/08\/brs-4.jpg\" data-no-retina>\n<!---->\t\t\t\t\t<\/rs-slide>\n\t\t\t\t\t\t<rs-slide style=\"position: absolute;\" data-key=\"rs-10058\" data-title=\"Exxe Selection Kocaeli\" data-thumb=\"\/\/cetinfamily.com.tr\/wp-content\/uploads\/2022\/08\/brs-5-160x160.jpg\" data-anim=\"adpr:false;\" data-in=\"o:0;\" data-out=\"a:false;\">\n\t\t\t\t\t\t\t<img decoding=\"async\" src=\"\/\/cetinfamily.com.tr\/wp-content\/plugins\/revslider\/sr6\/assets\/assets\/dummy.png\" alt=\"\" title=\"brs-5\" width=\"640\" height=\"480\" class=\"rev-slidebg tp-rs-img rs-lazyload\" data-lazyload=\"\/\/cetinfamily.com.tr\/wp-content\/uploads\/2022\/08\/brs-5.jpg\" data-bg=\"p:center top;\" data-no-retina>\n<!---->\t\t\t\t\t<\/rs-slide>\n\t\t\t\t\t\t<rs-slide style=\"position: absolute;\" data-key=\"rs-10051\" data-title=\"Exxe Selection Bursa\" data-thumb=\"\/\/cetinfamily.com.tr\/wp-content\/uploads\/2022\/08\/brs-6-160x160.jpg\" data-anim=\"adpr:false;\" data-in=\"o:0;\" data-out=\"a:false;\">\n\t\t\t\t\t\t\t<img decoding=\"async\" src=\"\/\/cetinfamily.com.tr\/wp-content\/plugins\/revslider\/sr6\/assets\/assets\/dummy.png\" alt=\"\" title=\"brs-6\" width=\"640\" height=\"480\" class=\"rev-slidebg tp-rs-img rs-lazyload\" data-lazyload=\"\/\/cetinfamily.com.tr\/wp-content\/uploads\/2022\/08\/brs-6.jpg\" data-bg=\"p:center top;\" data-no-retina>\n<!---->\t\t\t\t\t<\/rs-slide>\n\t\t\t\t\t\t<rs-slide style=\"position: absolute;\" data-key=\"rs-10043\" data-title=\"Exxe Selection Bal\u0131kesir\" data-thumb=\"\/\/cetinfamily.com.tr\/wp-content\/uploads\/2022\/08\/brs-7-160x160.jpg\" data-anim=\"adpr:false;\" data-in=\"o:0;\" data-out=\"a:false;\">\n\t\t\t\t\t\t\t<img decoding=\"async\" src=\"\/\/cetinfamily.com.tr\/wp-content\/plugins\/revslider\/sr6\/assets\/assets\/dummy.png\" alt=\"\" title=\"brs-7\" width=\"640\" height=\"480\" class=\"rev-slidebg tp-rs-img rs-lazyload\" data-lazyload=\"\/\/cetinfamily.com.tr\/wp-content\/uploads\/2022\/08\/brs-7.jpg\" data-bg=\"p:center top;\" data-no-retina>\n<!---->\t\t\t\t\t<\/rs-slide>\n\t\t\t\t\t\t<rs-slide style=\"position: absolute;\" data-key=\"rs-10015\" data-title=\"Exxe Selection Antalya\" data-thumb=\"\/\/cetinfamily.com.tr\/wp-content\/uploads\/2022\/08\/brs-8-160x160.jpg\" data-anim=\"adpr:false;\" data-in=\"o:0;\" data-out=\"a:false;\">\n\t\t\t\t\t\t\t<img decoding=\"async\" src=\"\/\/cetinfamily.com.tr\/wp-content\/plugins\/revslider\/sr6\/assets\/assets\/dummy.png\" alt=\"\" title=\"brs-8\" width=\"640\" height=\"480\" class=\"rev-slidebg tp-rs-img rs-lazyload\" data-lazyload=\"\/\/cetinfamily.com.tr\/wp-content\/uploads\/2022\/08\/brs-8.jpg\" data-bg=\"p:center top;\" data-no-retina>\n<!---->\t\t\t\t\t<\/rs-slide>\n\t\t\t\t\t\t<rs-slide style=\"position: absolute;\" data-key=\"rs-10026\" data-title=\"Exxe Selection Antalya\" data-thumb=\"\/\/cetinfamily.com.tr\/wp-content\/uploads\/2022\/08\/brs-9-160x160.jpg\" data-anim=\"adpr:false;\" data-in=\"o:0;\" data-out=\"a:false;\">\n\t\t\t\t\t\t\t<img decoding=\"async\" src=\"\/\/cetinfamily.com.tr\/wp-content\/plugins\/revslider\/sr6\/assets\/assets\/dummy.png\" alt=\"\" title=\"brs-9\" width=\"640\" height=\"480\" class=\"rev-slidebg tp-rs-img rs-lazyload\" data-lazyload=\"\/\/cetinfamily.com.tr\/wp-content\/uploads\/2022\/08\/brs-9.jpg\" data-bg=\"p:center top;\" data-no-retina>\n<!---->\t\t\t\t\t<\/rs-slide>\n\t\t\t\t\t\t<rs-slide style=\"position: absolute;\" data-key=\"rs-10002\" data-title=\"Exxe Selection Afyon\" data-thumb=\"\/\/cetinfamily.com.tr\/wp-content\/uploads\/2022\/08\/brs-10-160x160.jpg\" data-anim=\"adpr:false;\" data-in=\"o:0;\" data-out=\"a:false;\">\n\t\t\t\t\t\t\t<img decoding=\"async\" src=\"\/\/cetinfamily.com.tr\/wp-content\/plugins\/revslider\/sr6\/assets\/assets\/dummy.png\" alt=\"\" title=\"brs-10\" width=\"640\" height=\"480\" class=\"rev-slidebg tp-rs-img rs-lazyload\" data-lazyload=\"\/\/cetinfamily.com.tr\/wp-content\/uploads\/2022\/08\/brs-10.jpg\" data-bg=\"p:center top;\" data-no-retina>\n<!---->\t\t\t\t\t<\/rs-slide>\n\t\t\t\t\t\t<rs-slide style=\"position: absolute;\" data-key=\"rs-9975\" data-title=\"Emporio Armani Korupark\" data-thumb=\"\/\/cetinfamily.com.tr\/wp-content\/uploads\/2022\/08\/brs-1-160x160.jpg\" data-anim=\"adpr:false;ms:10;\" data-in=\"o:1;\" data-out=\"a:false;\">\n\t\t\t\t\t\t\t<img decoding=\"async\" src=\"\/\/cetinfamily.com.tr\/wp-content\/plugins\/revslider\/sr6\/assets\/assets\/dummy.png\" alt=\"\" title=\"brs-1\" width=\"640\" height=\"480\" class=\"rev-slidebg tp-rs-img rs-lazyload\" data-lazyload=\"\/\/cetinfamily.com.tr\/wp-content\/uploads\/2022\/08\/brs-1.jpg\" data-no-retina>\n<!--\n\t\t\t\t\t\t\t--><rs-layer\n\t\t\t\t\t\t\t\tid=\"slider-28-slide-9975-layer-2\" \n\t\t\t\t\t\t\t\tdata-type=\"object\"\n\t\t\t\t\t\t\t\tdata-rsp_ch=\"on\"\n\t\t\t\t\t\t\t\tdata-xy=\"xo:50px,50px,50px,19px;yo:50px,50px,50px,19px;\"\n\t\t\t\t\t\t\t\tdata-text=\"w:normal;s:20,20,20,7;l:0,0,0,9;\"\n\t\t\t\t\t\t\t\tdata-frame_999=\"o:0;st:w;\"\n\t\t\t\t\t\t\t\tstyle=\"z-index:14;font-family:'Roboto';\"\n\t\t\t\t\t\t\t> \n\t\t\t\t\t\t\t<\/rs-layer><!--\n-->\t\t\t\t\t<\/rs-slide>\n\t\t\t\t\t\t<rs-slide style=\"position: absolute;\" data-key=\"rs-9963\" data-title=\"Emporio Armani \u0130stanbul\" data-thumb=\"\/\/cetinfamily.com.tr\/wp-content\/uploads\/2022\/08\/brs-2-160x160.jpg\" data-anim=\"adpr:false;ms:10;\" data-in=\"o:1;\" data-out=\"a:false;\">\n\t\t\t\t\t\t\t<img decoding=\"async\" src=\"\/\/cetinfamily.com.tr\/wp-content\/plugins\/revslider\/sr6\/assets\/assets\/dummy.png\" alt=\"\" title=\"brs-2\" width=\"640\" height=\"480\" class=\"rev-slidebg tp-rs-img rs-lazyload\" data-lazyload=\"\/\/cetinfamily.com.tr\/wp-content\/uploads\/2022\/08\/brs-2.jpg\" data-no-retina>\n<!---->\t\t\t\t\t<\/rs-slide>\n\t\t\t\t\t\t<rs-slide style=\"position: absolute;\" data-key=\"rs-8431\" data-title=\"Contattateci\" data-thumb=\"\/\/cetinfamily.com.tr\/wp-content\/uploads\/2022\/08\/brs-3-160x160.jpg\" data-anim=\"adpr:false;\" data-in=\"o:0;\" data-out=\"a:false;\">\n\t\t\t\t\t\t\t<img decoding=\"async\" src=\"\/\/cetinfamily.com.tr\/wp-content\/plugins\/revslider\/sr6\/assets\/assets\/dummy.png\" alt=\"\" title=\"brs-3\" width=\"640\" height=\"480\" class=\"rev-slidebg tp-rs-img rs-lazyload\" data-lazyload=\"\/\/cetinfamily.com.tr\/wp-content\/uploads\/2022\/08\/brs-3.jpg\" data-no-retina>\n<!---->\t\t\t\t\t<\/rs-slide>\n\t\t\t\t\t\t<rs-slide style=\"position: absolute;\" data-key=\"rs-5835\" data-title=\"Chi siamo?\" data-thumb=\"\/\/cetinfamily.com.tr\/wp-content\/uploads\/2022\/08\/brs-4-160x160.jpg\" data-anim=\"adpr:false;\" data-in=\"o:0;\" data-out=\"a:false;\">\n\t\t\t\t\t\t\t<img decoding=\"async\" src=\"\/\/cetinfamily.com.tr\/wp-content\/plugins\/revslider\/sr6\/assets\/assets\/dummy.png\" alt=\"\" title=\"brs-4\" width=\"640\" height=\"480\" class=\"rev-slidebg tp-rs-img rs-lazyload\" data-lazyload=\"\/\/cetinfamily.com.tr\/wp-content\/uploads\/2022\/08\/brs-4.jpg\" data-no-retina>\n<!---->\t\t\t\t\t<\/rs-slide>\n\t\t\t\t\t\t<rs-slide style=\"position: absolute;\" data-key=\"rs-9955\" data-title=\"\u00c7etin Family Shoes Setba\u015f\u0131\" data-thumb=\"\/\/cetinfamily.com.tr\/wp-content\/uploads\/2022\/08\/brs-5-160x160.jpg\" data-anim=\"adpr:false;\" data-in=\"o:0;\" data-out=\"a:false;\">\n\t\t\t\t\t\t\t<img decoding=\"async\" src=\"\/\/cetinfamily.com.tr\/wp-content\/plugins\/revslider\/sr6\/assets\/assets\/dummy.png\" alt=\"\" title=\"brs-5\" width=\"640\" height=\"480\" class=\"rev-slidebg tp-rs-img rs-lazyload\" data-lazyload=\"\/\/cetinfamily.com.tr\/wp-content\/uploads\/2022\/08\/brs-5.jpg\" data-bg=\"p:center top;\" data-no-retina>\n<!---->\t\t\t\t\t<\/rs-slide>\n\t\t\t\t\t\t<rs-slide style=\"position: absolute;\" data-key=\"rs-9941\" data-title=\"\u00c7etin Family Shoes Carrefour\" data-thumb=\"\/\/cetinfamily.com.tr\/wp-content\/uploads\/2022\/08\/brs-6-160x160.jpg\" data-anim=\"adpr:false;\" data-in=\"o:0;\" data-out=\"a:false;\">\n\t\t\t\t\t\t\t<img decoding=\"async\" src=\"\/\/cetinfamily.com.tr\/wp-content\/plugins\/revslider\/sr6\/assets\/assets\/dummy.png\" alt=\"\" title=\"brs-6\" width=\"640\" height=\"480\" class=\"rev-slidebg tp-rs-img rs-lazyload\" data-lazyload=\"\/\/cetinfamily.com.tr\/wp-content\/uploads\/2022\/08\/brs-6.jpg\" data-bg=\"p:center top;\" data-no-retina>\n<!---->\t\t\t\t\t<\/rs-slide>\n\t\t\t\t\t\t<rs-slide style=\"position: absolute;\" data-key=\"rs-9934\" data-title=\"\u00c7etin Family Setba\u015f\u0131\" data-thumb=\"\/\/cetinfamily.com.tr\/wp-content\/uploads\/2022\/08\/brs-7-160x160.jpg\" data-anim=\"adpr:false;\" data-in=\"o:0;\" data-out=\"a:false;\">\n\t\t\t\t\t\t\t<img decoding=\"async\" src=\"\/\/cetinfamily.com.tr\/wp-content\/plugins\/revslider\/sr6\/assets\/assets\/dummy.png\" alt=\"\" title=\"brs-7\" width=\"640\" height=\"480\" class=\"rev-slidebg tp-rs-img rs-lazyload\" data-lazyload=\"\/\/cetinfamily.com.tr\/wp-content\/uploads\/2022\/08\/brs-7.jpg\" data-bg=\"p:center top;\" data-no-retina>\n<!---->\t\t\t\t\t<\/rs-slide>\n\t\t\t\t\t\t<rs-slide style=\"position: absolute;\" data-key=\"rs-9915\" data-title=\"\u00c7etin Family Outlet\" data-thumb=\"\/\/cetinfamily.com.tr\/wp-content\/uploads\/2022\/08\/brs-8-160x160.jpg\" data-anim=\"adpr:false;\" data-in=\"o:0;\" data-out=\"a:false;\">\n\t\t\t\t\t\t\t<img decoding=\"async\" src=\"\/\/cetinfamily.com.tr\/wp-content\/plugins\/revslider\/sr6\/assets\/assets\/dummy.png\" alt=\"\" title=\"brs-8\" width=\"640\" height=\"480\" class=\"rev-slidebg tp-rs-img rs-lazyload\" data-lazyload=\"\/\/cetinfamily.com.tr\/wp-content\/uploads\/2022\/08\/brs-8.jpg\" data-bg=\"p:center top;\" data-no-retina>\n<!---->\t\t\t\t\t<\/rs-slide>\n\t\t\t\t\t\t<rs-slide style=\"position: absolute;\" data-key=\"rs-9926\" data-title=\"\u00c7etin Family Outlet\" data-thumb=\"\/\/cetinfamily.com.tr\/wp-content\/uploads\/2022\/08\/brs-9-160x160.jpg\" data-anim=\"adpr:false;\" data-in=\"o:0;\" data-out=\"a:false;\">\n\t\t\t\t\t\t\t<img decoding=\"async\" src=\"\/\/cetinfamily.com.tr\/wp-content\/plugins\/revslider\/sr6\/assets\/assets\/dummy.png\" alt=\"\" title=\"brs-9\" width=\"640\" height=\"480\" class=\"rev-slidebg tp-rs-img rs-lazyload\" data-lazyload=\"\/\/cetinfamily.com.tr\/wp-content\/uploads\/2022\/08\/brs-9.jpg\" data-bg=\"p:center top;\" data-no-retina>\n<!---->\t\t\t\t\t<\/rs-slide>\n\t\t\t\t\t\t<rs-slide style=\"position: absolute;\" data-key=\"rs-9908\" data-title=\"\u00c7etin Family Mudanya Yolu\" data-thumb=\"\/\/cetinfamily.com.tr\/wp-content\/uploads\/2022\/08\/brs-10-160x160.jpg\" data-anim=\"adpr:false;\" data-in=\"o:0;\" data-out=\"a:false;\">\n\t\t\t\t\t\t\t<img decoding=\"async\" src=\"\/\/cetinfamily.com.tr\/wp-content\/plugins\/revslider\/sr6\/assets\/assets\/dummy.png\" alt=\"\" title=\"brs-10\" width=\"640\" height=\"480\" class=\"rev-slidebg tp-rs-img rs-lazyload\" data-lazyload=\"\/\/cetinfamily.com.tr\/wp-content\/uploads\/2022\/08\/brs-10.jpg\" data-bg=\"p:center top;\" data-no-retina>\n<!---->\t\t\t\t\t<\/rs-slide>\n\t\t\t\t\t<\/rs-slides>\n\t\t\t\t<\/rs-module>\n\t\t\t\t<script>\n\t\t\t\t\tsetREVStartSize({c: 'rev_slider_28_1',rl:[1240,1240,1240,480],el:[600,600,600,720],gw:[1024,1024,1024,400],gh:[600,600,600,300],type:'carousel',justify:'',layout:'fullwidth',thumbh:\"104\",mh:\"0\"});if (window.RS_MODULES!==undefined && window.RS_MODULES.modules!==undefined && window.RS_MODULES.modules[\"revslider281\"]!==undefined) {window.RS_MODULES.modules[\"revslider281\"].once = false;window.revapi28 = undefined;if (window.RS_MODULES.checkMinimal!==undefined) window.RS_MODULES.checkMinimal()}\n\t\t\t\t<\/script>\n\t\t\t<\/rs-module-wrap>\n\t\t\t<!-- END REVOLUTION SLIDER -->\n[\/vc_column][\/vc_row]<\/p>\n<\/div>","protected":false},"excerpt":{"rendered":"<p>[vc_row full_width=&#8221;stretch_row_content_no_spaces&#8221; wrap_container=&#8221;yes&#8221; is_section=&#8221;yes&#8221; remove_margin_top=&#8221;yes&#8221; remove_margin_bottom=&#8221;yes&#8221; remove_padding_top=&#8221;yes&#8221; remove_padding_bottom=&#8221;yes&#8221; css=&#8221;.vc_custom_1659680629098{margin-top: -35px !important;}&#8221;][vc_column width=&#8221;3\/4&#8243;][vc_gmaps link=&#8221;#E-8_JTNDaWZyYW1lJTIwc3JjJTNEJTIyaHR0cHMlM0ElMkYlMkZ3d3cuZ29vZ2xlLmNvbSUyRm1hcHMlMkZlbWJlZCUzRnBiJTNEJTIxMW0xNCUyMTFtOCUyMTFtMyUyMTFkMTIxODAuMjQ3MTczMDEyNzY3JTIxMmQyOC45NTYxOTUwMDAwMDAwMDUlMjEzZDQwLjI1MjE1ODAwMDAwMDAxJTIxM20yJTIxMWkxMDI0JTIxMmk3NjglMjE0ZjEzLjElMjEzbTMlMjExbTIlMjExczB4MCUyNTNBMHgyYjcwZDE5NjNkN2Y4NTRjJTIxMnNFeHhlJTI1MjBTZWxlY3Rpb24lMjE1ZTAlMjEzbTIlMjExc3RyJTIxMnN0ciUyMTR2MTY1OTE4NTMyNzY4OCUyMTVtMiUyMTFzdHIlMjEyc3RyJTIyJTIwd2lkdGglM0QlMjI2MDAlMjIlMjBoZWlnaHQlM0QlMjI0NTAlMjIlMjBzdHlsZSUzRCUyMmJvcmRlciUzQTAlM0IlMjIlMjBhbGxvd2Z1bGxzY3JlZW4lM0QlMjIlMjIlMjBsb2FkaW5nJTNEJTIybGF6eSUyMiUyMHJlZmVycmVycG9saWN5JTNEJTIybm8tcmVmZXJyZXItd2hlbi1kb3duZ3JhZGUlMjIlM0UlM0MlMkZpZnJhbWUlM0U=&#8221; size=&#8221;260&#8243;][\/vc_column][vc_column width=&#8221;1\/4&#8243;][vc_empty_space height=&#8221;50px&#8221;][\/vc_column][\/vc_row][vc_row][vc_column][vc_empty_space][vc_separator border_width=&#8221;2&#8243;][\/vc_column][\/vc_row][vc_row el_id=&#8221;cetinmudanya&#8221;][vc_column][\/vc_column][\/vc_row]<\/p>\n","protected":false},"author":1,"featured_media":0,"parent":0,"menu_order":0,"comment_status":"closed","ping_status":"closed","template":"","meta":{"footnotes":""},"class_list":["post-10051","page","type-page","status-publish","hentry"],"_links":{"self":[{"href":"https:\/\/cetinfamily.com.tr\/it\/wp-json\/wp\/v2\/pages\/10051"}],"collection":[{"href":"https:\/\/cetinfamily.com.tr\/it\/wp-json\/wp\/v2\/pages"}],"about":[{"href":"https:\/\/cetinfamily.com.tr\/it\/wp-json\/wp\/v2\/types\/page"}],"author":[{"embeddable":true,"href":"https:\/\/cetinfamily.com.tr\/it\/wp-json\/wp\/v2\/users\/1"}],"replies":[{"embeddable":true,"href":"https:\/\/cetinfamily.com.tr\/it\/wp-json\/wp\/v2\/comments?post=10051"}],"version-history":[{"count":2,"href":"https:\/\/cetinfamily.com.tr\/it\/wp-json\/wp\/v2\/pages\/10051\/revisions"}],"predecessor-version":[{"id":10054,"href":"https:\/\/cetinfamily.com.tr\/it\/wp-json\/wp\/v2\/pages\/10051\/revisions\/10054"}],"wp:attachment":[{"href":"https:\/\/cetinfamily.com.tr\/it\/wp-json\/wp\/v2\/media?parent=10051"}],"curies":[{"name":"wp","href":"https:\/\/api.w.org\/{rel}","templated":true}]}}