{"id":9783,"date":"2022-08-26T05:52:57","date_gmt":"2022-08-26T05:52:57","guid":{"rendered":"https:\/\/cetinfamily.com.tr\/bilgi-toplumu-hizmetleri\/"},"modified":"2022-08-27T12:15:07","modified_gmt":"2022-08-27T12:15:07","slug":"information-society-services","status":"publish","type":"page","link":"https:\/\/cetinfamily.com.tr\/en\/information-society-services\/","title":{"rendered":"Information Society Services"},"content":{"rendered":"<div class=\"wpb-content-wrapper\"><p>[vc_row full_width=&#8221;stretch_row_content&#8221; wrap_container=&#8221;yes&#8221;][vc_column][vc_custom_heading text=&#8221;COMPANY DETAILS (Forwarded Message)&#8221; font_container=&#8221;tag:h2|font_size:16|text_align:center|color:%23ffffff|line_height:3&#8243; use_theme_fonts=&#8221;yes&#8221; font_weight=&#8221;600&#8243; css=&#8221;.vc_custom_1661493139975{margin-top: 0px !important;margin-bottom: 0px !important;padding-top: 0px !important;padding-bottom: 0px !important;background-color: #e30613 !important;}&#8221;][vc_tta_accordion title_tag=&#8221;h4&#8243; style=&#8221;modern&#8221; c_icon=&#8221;&#8221; active_section=&#8221;1&#8243; collapsible_all=&#8221;true&#8221;][vc_tta_section title=&#8221;Company&#8221; tab_id=&#8221;1658131405871-c410d8ca-af29&#8243;][vc_separator css=&#8221;.vc_custom_1658144459135{margin-top: 5px !important;margin-bottom: 0px !important;}&#8221;][vc_row_inner css=&#8221;.vc_custom_1658155511559{padding-top: 20px !important;background-color: #ffffff !important;}&#8221;][vc_column_inner width=&#8221;1\/3&#8243;][vc_column_text]<strong>COMPANY TYPE<\/strong><\/p>\n<p><strong>MERSIS<\/strong><\/p>\n<p><strong>TRADE REGISTRY OFFICE<\/strong><\/p>\n<p><strong>TRADE REGISTRY NUMBER<\/strong><\/p>\n<p><strong>TRADE NAME<\/strong><\/p>\n<p><strong>ADDRESS<\/strong><\/p>\n<p><strong>COMMITTED CAPITAL AMOUNT<\/strong><\/p>\n<p><strong>PAID CAPITAL AMOUNT<\/strong><\/p>\n<p><strong>COMPANY REGISTRATION DATE<\/strong><\/p>\n<p><strong>TAX OFFICE<\/strong><\/p>\n<p><strong>TAX NUMBER<\/strong><\/p>\n<p><strong>SECTOR<\/strong><\/p>\n<p><strong>CONTACT INFORMATION<\/strong><\/p>\n<p>&nbsp;<\/p>\n<p>&nbsp;[\/vc_column_text][\/vc_column_inner][vc_column_inner width=&#8221;2\/3&#8243;][vc_column_text]LTD.<\/p>\n<p>0245001305500027<\/p>\n<p>BURSA<\/p>\n<p>36045<\/p>\n<p>\u00c7ET\u0130N FAM\u0130LY TEKST\u0130L GIDA PAZARLAMA SANAY\u0130 VE T\u0130CARET LTD.\u015eT\u0130.<\/p>\n<p>Odunluk Mahallesi Lefko\u015fe Caddesi Mihrapl\u0131 plaza \u0130\u015f Merkezi No: 9\/A-B N\u0130L\u00dcFER BURSA<\/p>\n<p>5,000,000.00<\/p>\n<p>5,000,000.00<\/p>\n<p>25\/08\/1994<\/p>\n<p>BURSA \/ ERTU\u011eRULGAZ\u0130<\/p>\n<p>245 001 3055<\/p>\n<p>Garment Products Trade<\/p>\n<p>&nbsp;<\/p>\n<p><strong>Phone: <\/strong>+90 224 453 31 00<\/p>\n<p><strong>Fax: <\/strong>+90 224 453 39 93<\/p>\n<p><strong>Website : <\/strong>www.dijitaltanitim.com[\/vc_column_text][\/vc_column_inner][\/vc_row_inner][\/vc_tta_section][vc_tta_section title=&#8221;Board Of Directors&#8221; tab_id=&#8221;1658131405884-5350b923-24b0&#8243;][vc_row_inner css=&#8221;.vc_custom_1658155489438{padding-top: 20px !important;background-color: #ffffff !important;}&#8221;][vc_column_inner width=&#8221;1\/3&#8243;][vc_column_text]<strong>Partner\/Chairman of the Board of Directors<\/strong><\/p>\n<p><strong>Partner\/Company Manager<\/strong><\/p>\n<p><strong>Partner<\/strong>[\/vc_column_text][\/vc_column_inner][vc_column_inner width=&#8221;2\/3&#8243;][vc_column_text]\u00c7etin YA\u011eCI<\/p>\n<p>T\u00fcrker YA\u011eCI<\/p>\n<p>Sena YA\u011eCI[\/vc_column_text][\/vc_column_inner][\/vc_row_inner][\/vc_tta_section][vc_tta_section title=&#8221;Auditor&#8221; tab_id=&#8221;1658131578215-8075b55a-95a2&#8243;][vc_row_inner css=&#8221;.vc_custom_1658155523758{padding-top: 20px !important;background-color: #ffffff !important;}&#8221;][vc_column_inner width=&#8221;1\/3&#8243;][vc_column_text]<strong>PERIOD :<\/strong><\/p>\n<p><strong>NAME SURNAME \/ TRADE NAME:<\/strong><\/p>\n<p><strong>MERSIS<\/strong><\/p>\n<p><strong>OFFICIAL REGISTRY OF INDEPENDENT AUDIT:<\/strong><\/p>\n<p><strong>ADDRESS :<\/strong><\/p>\n<p><strong>TAX OFFICE:<\/strong><\/p>\n<p><strong>TAX NUMBER:<\/strong>[\/vc_column_text][\/vc_column_inner][vc_column_inner width=&#8221;2\/3&#8243;][vc_column_text]01.01.2020 &#8211; 31.12.2022<\/p>\n<p>\u0130DEA BA\u011eIMSIZ DENET\u0130M ANON\u0130M \u015e\u0130RKET\u0130<\/p>\n<p>0470062023900014<\/p>\n<p>BURSA S\u0130C\u0130L M\u00dcD\u00dcRL\u00dc\u011e\u00dc : 87067<\/p>\n<p>Ata Bulvar\u0131 23 Nisan Mah.241.Sk.Meri\u00e7 Plaza No:22 Kat:1\/1 Nil\u00fcfer\/BURSA<\/p>\n<p>N\u0130L\u00dcFER<\/p>\n<p>470 062 0239[\/vc_column_text][\/vc_column_inner][\/vc_row_inner][\/vc_tta_section][\/vc_tta_accordion][\/vc_column][\/vc_row]<\/p>\n<\/div>","protected":false},"excerpt":{"rendered":"<p>[vc_row full_width=&#8221;stretch_row_content&#8221; wrap_container=&#8221;yes&#8221;][vc_column][vc_custom_heading text=&#8221;COMPANY DETAILS (Forwarded Message)&#8221; font_container=&#8221;tag:h2|font_size:16|text_align:center|color:%23ffffff|line_height:3&#8243; use_theme_fonts=&#8221;yes&#8221; font_weight=&#8221;600&#8243; css=&#8221;.vc_custom_1661493139975{margin-top: 0px !important;margin-bottom: 0px !important;padding-top: 0px !important;padding-bottom: 0px !important;background-color: #e30613 !important;}&#8221;][vc_tta_accordion title_tag=&#8221;h4&#8243; style=&#8221;modern&#8221; c_icon=&#8221;&#8221; active_section=&#8221;1&#8243; collapsible_all=&#8221;true&#8221;][vc_tta_section title=&#8221;Company&#8221; tab_id=&#8221;1658131405871-c410d8ca-af29&#8243;][vc_separator css=&#8221;.vc_custom_1658144459135{margin-top: 5px !important;margin-bottom: 0px !important;}&#8221;][vc_row_inner css=&#8221;.vc_custom_1658155511559{padding-top: 20px !important;background-color: #ffffff !important;}&#8221;][vc_column_inner width=&#8221;1\/3&#8243;][vc_column_text]COMPANY TYPE MERSIS TRADE REGISTRY OFFICE TRADE REGISTRY NUMBER TRADE NAME ADDRESS COMMITTED CAPITAL AMOUNT PAID CAPITAL [&hellip;]<\/p>\n","protected":false},"author":1,"featured_media":0,"parent":0,"menu_order":0,"comment_status":"closed","ping_status":"closed","template":"","meta":{"footnotes":""},"class_list":["post-9783","page","type-page","status-publish","hentry"],"_links":{"self":[{"href":"https:\/\/cetinfamily.com.tr\/en\/wp-json\/wp\/v2\/pages\/9783"}],"collection":[{"href":"https:\/\/cetinfamily.com.tr\/en\/wp-json\/wp\/v2\/pages"}],"about":[{"href":"https:\/\/cetinfamily.com.tr\/en\/wp-json\/wp\/v2\/types\/page"}],"author":[{"embeddable":true,"href":"https:\/\/cetinfamily.com.tr\/en\/wp-json\/wp\/v2\/users\/1"}],"replies":[{"embeddable":true,"href":"https:\/\/cetinfamily.com.tr\/en\/wp-json\/wp\/v2\/comments?post=9783"}],"version-history":[{"count":9,"href":"https:\/\/cetinfamily.com.tr\/en\/wp-json\/wp\/v2\/pages\/9783\/revisions"}],"predecessor-version":[{"id":9834,"href":"https:\/\/cetinfamily.com.tr\/en\/wp-json\/wp\/v2\/pages\/9783\/revisions\/9834"}],"wp:attachment":[{"href":"https:\/\/cetinfamily.com.tr\/en\/wp-json\/wp\/v2\/media?parent=9783"}],"curies":[{"name":"wp","href":"https:\/\/api.w.org\/{rel}","templated":true}]}}