{"id":8427,"date":"2022-08-24T14:39:00","date_gmt":"2022-08-24T14:39:00","guid":{"rendered":"https:\/\/cetinfamily.com.tr\/iletisim\/"},"modified":"2024-07-30T10:10:18","modified_gmt":"2024-07-30T10:10:18","slug":"contact","status":"publish","type":"page","link":"https:\/\/cetinfamily.com.tr\/en\/contact\/","title":{"rendered":"Contact"},"content":{"rendered":"<div class=\"wpb-content-wrapper\"><p>[vc_row full_width=&#8221;stretch_row_content&#8221; wrap_container=&#8221;yes&#8221; remove_margin_top=&#8221;yes&#8221; remove_margin_bottom=&#8221;yes&#8221; remove_padding_top=&#8221;yes&#8221; remove_padding_bottom=&#8221;yes&#8221; el_class=&#8221;m-b-xl&#8221; css=&#8221;.vc_custom_1655453013530{padding-top: 50px !important;}&#8221;][vc_column width=&#8221;1\/3&#8243;][vc_custom_heading text=&#8221;General <strong>center<\/strong>&#8221; font_container=&#8221;tag:h4|text_align:left&#8221; use_theme_fonts=&#8221;yes&#8221; css=&#8221;&#8221; skin=&#8221;primary&#8221;]<div class=\"porto-sicon-box  wpb_custom_991192e517ba80822b25b68bbbc51b14 style_1 default-icon\"><div class=\"porto-sicon-default\"><div class=\"porto-just-icon-wrapper porto-icon circle\" style=\"color:#ffffff;background:#dd3333;font-size:14px;\"><i class=\"fas fa-map-marker-alt\"><\/i><\/div><\/div><div class=\"porto-sicon-header\"><h3 class=\"porto-sicon-title\" style=\"font-size:14px;\"><strong>Address: <\/strong>Bar\u0131\u015f mahallesi Defne sokak No:28 Nil\u00fcfer\/Bursa<\/h3><\/div> <!-- header --><\/div><!-- porto-sicon-box --><a class=\"porto-sicon-box-link\" href=\"tel:+902244533100\"><div class=\"porto-sicon-box  wpb_custom_991192e517ba80822b25b68bbbc51b14 style_1 default-icon\"><div class=\"porto-sicon-default\"><div class=\"porto-just-icon-wrapper porto-icon circle\" style=\"color:#ffffff;background:#dd3333;font-size:14px;\"><i class=\"fas fa-phone\"><\/i><\/div><\/div><div class=\"porto-sicon-header\"><h3 class=\"porto-sicon-title\" style=\"font-size:14px;\"><strong>Phone: <\/strong> +90 (224) 453 31 00<\/h3><\/div> <!-- header --><\/div><!-- porto-sicon-box --><\/a><a class=\"porto-sicon-box-link\" href=\"mailto:cetinfamily@cetinfamily.com.tr\"><div class=\"porto-sicon-box  wpb_custom_991192e517ba80822b25b68bbbc51b14 style_1 default-icon\"><div class=\"porto-sicon-default\"><div class=\"porto-just-icon-wrapper porto-icon circle\" style=\"color:#ffffff;background:#dd3333;font-size:14px;\"><i class=\"far fa-envelope\"><\/i><\/div><\/div><div class=\"porto-sicon-header\"><h3 class=\"porto-sicon-title\" style=\"font-size:14px;\"><strong>Email:<\/strong> cetinfamily@cetinfamily.com.tr<\/h3><\/div> <!-- header --><\/div><!-- porto-sicon-box --><\/a>[vc_separator][vc_gmaps link=&#8221;#E-8_JTNDaWZyYW1lJTIwc3JjJTNEJTIyaHR0cHMlM0ElMkYlMkZ3d3cuZ29vZ2xlLmNvbSUyRm1hcHMlMkZlbWJlZCUzRnBiJTNEJTIxMW0xNCUyMTFtOCUyMTFtMyUyMTFkMzA0Ni44Mjg2MzUyMzY3Nzc3JTIxMmQyOC45NjgwMDk3JTIxM2Q0MC4yMTI4NzQ3JTIxM20yJTIxMWkxMDI0JTIxMmk3NjglMjE0ZjEzLjElMjEzbTMlMjExbTIlMjExczB4MTRjYTE1MjA5NWQxZmIwMSUyNTNBMHhhZjQwZGQ4NjJjNmQ1ZGU5JTIxMnMlMjVDMyUyNTg3ZXRpbiUyNTIwRmFtaWx5JTI1MjBEZXBvJTI1MjAtJTI1MjBPZmlzJTIxNWUwJTIxM20yJTIxMXN0ciUyMTJzdHIlMjE0djE2NTkxODI3NTQxMzYlMjE1bTIlMjExc3RyJTIxMnN0ciUyMiUyMHdpZHRoJTNEJTIyNjAwJTIyJTIwaGVpZ2h0JTNEJTIyNDUwJTIyJTIwc3R5bGUlM0QlMjJib3JkZXIlM0EwJTNCJTIyJTIwYWxsb3dmdWxsc2NyZWVuJTNEJTIyJTIyJTIwbG9hZGluZyUzRCUyMmxhenklMjIlMjByZWZlcnJlcnBvbGljeSUzRCUyMm5vLXJlZmVycmVyLXdoZW4tZG93bmdyYWRlJTIyJTNFJTNDJTJGaWZyYW1lJTNF&#8221; size=&#8221;300px&#8221;][\/vc_column][vc_column width=&#8221;1\/3&#8243;][vc_custom_heading text=&#8221;Central warehouse and <strong>logistics<\/strong>&#8221; font_container=&#8221;tag:h4|text_align:left&#8221; use_theme_fonts=&#8221;yes&#8221; css=&#8221;&#8221; skin=&#8221;primary&#8221;]<div class=\"porto-sicon-box  wpb_custom_991192e517ba80822b25b68bbbc51b14 style_1 default-icon\"><div class=\"porto-sicon-default\"><div class=\"porto-just-icon-wrapper porto-icon circle\" style=\"color:#ffffff;background:#dd3333;font-size:14px;\"><i class=\"fas fa-map-marker-alt\"><\/i><\/div><\/div><div class=\"porto-sicon-header\"><h3 class=\"porto-sicon-title\" style=\"font-size:14px;\"><strong>Address: <\/strong>Bar\u0131\u015f mahallesi Defne sokak No:28 Nil\u00fcfer\/Bursa<\/h3><\/div> <!-- header --><\/div><!-- porto-sicon-box --><a class=\"porto-sicon-box-link\" href=\"tel:+902244533100\"><div class=\"porto-sicon-box  wpb_custom_991192e517ba80822b25b68bbbc51b14 style_1 default-icon\"><div class=\"porto-sicon-default\"><div class=\"porto-just-icon-wrapper porto-icon circle\" style=\"color:#ffffff;background:#dd3333;font-size:14px;\"><i class=\"fas fa-phone\"><\/i><\/div><\/div><div class=\"porto-sicon-header\"><h3 class=\"porto-sicon-title\" style=\"font-size:14px;\"><strong>Phone: <\/strong> +90 (224) 453 31 00<\/h3><\/div> <!-- header --><\/div><!-- porto-sicon-box --><\/a><a class=\"porto-sicon-box-link\" href=\"mailto:cetinfamily@cetinfamily.com.tr\"><div class=\"porto-sicon-box  wpb_custom_991192e517ba80822b25b68bbbc51b14 style_1 default-icon\"><div class=\"porto-sicon-default\"><div class=\"porto-just-icon-wrapper porto-icon circle\" style=\"color:#ffffff;background:#dd3333;font-size:14px;\"><i class=\"far fa-envelope\"><\/i><\/div><\/div><div class=\"porto-sicon-header\"><h3 class=\"porto-sicon-title\" style=\"font-size:14px;\"><strong>Email:<\/strong> cetinfamily@cetinfamily.com.tr<\/h3><\/div> <!-- header --><\/div><!-- porto-sicon-box --><\/a>[vc_separator][vc_gmaps link=&#8221;#E-8_JTNDaWZyYW1lJTIwc3JjJTNEJTIyaHR0cHMlM0ElMkYlMkZ3d3cuZ29vZ2xlLmNvbSUyRm1hcHMlMkZlbWJlZCUzRnBiJTNEJTIxMW0xNCUyMTFtOCUyMTFtMyUyMTFkMzA0Ni44Mjg2MzUyMzY3Nzc3JTIxMmQyOC45NjgwMDk3JTIxM2Q0MC4yMTI4NzQ3JTIxM20yJTIxMWkxMDI0JTIxMmk3NjglMjE0ZjEzLjElMjEzbTMlMjExbTIlMjExczB4MTRjYTE1MjA5NWQxZmIwMSUyNTNBMHhhZjQwZGQ4NjJjNmQ1ZGU5JTIxMnMlMjVDMyUyNTg3ZXRpbiUyNTIwRmFtaWx5JTI1MjBEZXBvJTI1MjAtJTI1MjBPZmlzJTIxNWUwJTIxM20yJTIxMXN0ciUyMTJzdHIlMjE0djE2NTkxODI3NTQxMzYlMjE1bTIlMjExc3RyJTIxMnN0ciUyMiUyMHdpZHRoJTNEJTIyNjAwJTIyJTIwaGVpZ2h0JTNEJTIyNDUwJTIyJTIwc3R5bGUlM0QlMjJib3JkZXIlM0EwJTNCJTIyJTIwYWxsb3dmdWxsc2NyZWVuJTNEJTIyJTIyJTIwbG9hZGluZyUzRCUyMmxhenklMjIlMjByZWZlcnJlcnBvbGljeSUzRCUyMm5vLXJlZmVycmVyLXdoZW4tZG93bmdyYWRlJTIyJTNFJTNDJTJGaWZyYW1lJTNF&#8221; size=&#8221;300px&#8221;][\/vc_column][vc_column width=&#8221;1\/3&#8243;][vc_custom_heading text=&#8221;E-commerce <strong>warehouse and logistics<\/strong>&#8221; font_container=&#8221;tag:h4|text_align:left&#8221; use_theme_fonts=&#8221;yes&#8221; css=&#8221;&#8221; skin=&#8221;primary&#8221;]<div class=\"porto-sicon-box  wpb_custom_991192e517ba80822b25b68bbbc51b14 style_1 default-icon\"><div class=\"porto-sicon-default\"><div class=\"porto-just-icon-wrapper porto-icon circle\" style=\"color:#ffffff;background:#dd3333;font-size:14px;\"><i class=\"fas fa-map-marker-alt\"><\/i><\/div><\/div><div class=\"porto-sicon-header\"><h3 class=\"porto-sicon-title\" style=\"font-size:14px;\"><strong>Address: <\/strong>Bar\u0131\u015f mahallesi Defne sokak No:34 Nil\u00fcfer\/Bursa<\/h3><\/div> <!-- header --><\/div><!-- porto-sicon-box --><a class=\"porto-sicon-box-link\" href=\"tel:+902244443079\"><div class=\"porto-sicon-box  wpb_custom_991192e517ba80822b25b68bbbc51b14 style_1 default-icon\"><div class=\"porto-sicon-default\"><div class=\"porto-just-icon-wrapper porto-icon circle\" style=\"color:#ffffff;background:#dd3333;font-size:14px;\"><i class=\"fas fa-phone\"><\/i><\/div><\/div><div class=\"porto-sicon-header\"><h3 class=\"porto-sicon-title\" style=\"font-size:14px;\"><strong>Phone: <\/strong> +90 (224) 444 30 79<\/h3><\/div> <!-- header --><\/div><!-- porto-sicon-box --><\/a><a class=\"porto-sicon-box-link\" href=\"mailto:cetinfamily@cetinfamily.com.tr\"><div class=\"porto-sicon-box  wpb_custom_991192e517ba80822b25b68bbbc51b14 style_1 default-icon\"><div class=\"porto-sicon-default\"><div class=\"porto-just-icon-wrapper porto-icon circle\" style=\"color:#ffffff;background:#dd3333;font-size:14px;\"><i class=\"far fa-envelope\"><\/i><\/div><\/div><div class=\"porto-sicon-header\"><h3 class=\"porto-sicon-title\" style=\"font-size:14px;\"><strong>Email:<\/strong> cetinfamily@cetinfamily.com.tr<\/h3><\/div> <!-- header --><\/div><!-- porto-sicon-box --><\/a>[vc_separator][vc_gmaps link=&#8221;#E-8_JTNDaWZyYW1lJTIwc3JjJTNEJTIyaHR0cHMlM0ElMkYlMkZ3d3cuZ29vZ2xlLmNvbSUyRm1hcHMlMkZlbWJlZCUzRnBiJTNEJTIxMW0xOCUyMTFtMTIlMjExbTMlMjExZDMwNDYuODI2NDU0NzM4ODYyNiUyMTJkMjguOTY5OTg4NCUyMTNkNDAuMjEyOTIzMTk5OTk5OTklMjEybTMlMjExZjAlMjEyZjAlMjEzZjAlMjEzbTIlMjExaTEwMjQlMjEyaTc2OCUyMTRmMTMuMSUyMTNtMyUyMTFtMiUyMTFzMHgxNGNhMTQxZGZkZGFjYjdkJTI1M0EweDc4MGRlZGFkMTQzN2Q0MTklMjEyc01hcmthc3Rvay5jb20lMjUyMCUyNTI2JTI1MjBFeHhlc2VsZWN0aW9uLmNvbSUyMTVlMCUyMTNtMiUyMTFzdHIlMjEyc3RyJTIxNHYxNjU5MTgzODIzMDI5JTIxNW0yJTIxMXN0ciUyMTJzdHIlMjIlMjB3aWR0aCUzRCUyMjYwMCUyMiUyMGhlaWdodCUzRCUyMjQ1MCUyMiUyMHN0eWxlJTNEJTIyYm9yZGVyJTNBMCUzQiUyMiUyMGFsbG93ZnVsbHNjcmVlbiUzRCUyMiUyMiUyMGxvYWRpbmclM0QlMjJsYXp5JTIyJTIwcmVmZXJyZXJwb2xpY3klM0QlMjJuby1yZWZlcnJlci13aGVuLWRvd25ncmFkZSUyMiUzRSUzQyUyRmlmcmFtZSUzRQ==&#8221; size=&#8221;300px&#8221;][\/vc_column][\/vc_row][vc_row full_width=&#8221;stretch_row&#8221; el_class=&#8221;call-to-action-in-footer&#8221; css=&#8221;.vc_custom_1656008739135{background-color: #f7f7f7 !important;}&#8221;][vc_column][vc_cta h2=&#8221;Dear <b>\u00c7etin Family<\/b> friends,&#8221; txt_align=&#8221;center&#8221; shape=&#8221;square&#8221; style=&#8221;flat&#8221; color=&#8221;white&#8221; add_button=&#8221;right&#8221; btn_title=&#8221;Fill the form !&#8221; btn_style=&#8221;modern&#8221; btn_color=&#8221;primary&#8221; btn_size=&#8221;lg&#8221; btn_align=&#8221;center&#8221; btn_skin=&#8221;dark&#8221; btn_show_arrow=&#8221;yes&#8221; css=&#8221;.vc_custom_1722334262553{background-color: #f7f7f7 !important;}&#8221; btn_el_class=&#8221;btn-call-to-action&#8221; el_class=&#8221;mb-0&#8243; btn_link=&#8221;url:%23iletisimform|&#8221;]We are curious about your opinions on different issues such as satisfaction, opinions, suggestions and cooperation regarding \u00c7etin Family. You can share your message with us via the form below. We will evaluate your opinions and requests and get back to you as soon as possible.[\/vc_cta][\/vc_column][\/vc_row][vc_row full_width=&#8221;stretch_row_content&#8221; wrap_container=&#8221;yes&#8221; is_section=&#8221;yes&#8221; section_skin=&#8221;parallax&#8221; remove_margin_top=&#8221;yes&#8221; remove_margin_bottom=&#8221;yes&#8221; remove_padding_top=&#8221;yes&#8221; remove_padding_bottom=&#8221;yes&#8221; remove_border=&#8221;yes&#8221; css=&#8221;.vc_custom_1655453803825{padding-top: 50px !important;}&#8221; el_id=&#8221;iletisimform&#8221;][vc_column width=&#8221;1\/2&#8243;][vc_single_image image=&#8221;2963&#8243; img_size=&#8221;large&#8221;][\/vc_column][vc_column width=&#8221;1\/2&#8243;]\n<div class=\"wpcf7 no-js\" id=\"wpcf7-f10197-o1\" lang=\"tr-TR\" dir=\"ltr\">\n<div class=\"screen-reader-response\"><p role=\"status\" aria-live=\"polite\" aria-atomic=\"true\"><\/p> <ul><\/ul><\/div>\n<form action=\"\/en\/wp-json\/wp\/v2\/pages\/8427#wpcf7-f10197-o1\" method=\"post\" class=\"wpcf7-form init\" aria-label=\"\u0130leti\u015fim Formu\" novalidate=\"novalidate\" data-status=\"init\">\n<div style=\"display: none;\">\n<input type=\"hidden\" name=\"_wpcf7\" value=\"10197\" \/>\n<input type=\"hidden\" name=\"_wpcf7_version\" value=\"5.9.8\" \/>\n<input type=\"hidden\" name=\"_wpcf7_locale\" value=\"tr_TR\" \/>\n<input type=\"hidden\" name=\"_wpcf7_unit_tag\" value=\"wpcf7-f10197-o1\" \/>\n<input type=\"hidden\" name=\"_wpcf7_container_post\" value=\"0\" \/>\n<input type=\"hidden\" name=\"_wpcf7_posted_data_hash\" value=\"\" \/>\n<input type=\"hidden\" name=\"_wpcf7_recaptcha_response\" value=\"\" \/>\n<\/div>\n<h4 class=\"short\"><strong>If you want us to reach you<\/strong>\n<\/h4>\n<p class=\"short\">Please fill out the form below so that we can reach you as soon as possible with our corporate solutions that we will prepare for your needs.\n<\/p>\n<div class=\"row\">\n\t<div class=\"col-lg-12\">\n\t\t<div class=\"form-group\">\n\t\t\t<p><span class=\"wpcf7-form-control-wrap\" data-name=\"adi-soyadi\"><input size=\"40\" maxlength=\"400\" class=\"wpcf7-form-control wpcf7-text wpcf7-validates-as-required form-control\" id=\"adi-soyadi\" aria-required=\"true\" aria-invalid=\"false\" placeholder=\"Name Surname\" value=\"\" type=\"text\" name=\"adi-soyadi\" \/><\/span>\n\t\t\t<\/p>\n\t\t<\/div>\n\t<\/div>\n\t<div class=\"col-lg-12\">\n\t\t<div class=\"form-group\">\n\t\t\t<p><span class=\"wpcf7-form-control-wrap\" data-name=\"country\"><input size=\"40\" maxlength=\"400\" class=\"wpcf7-form-control wpcf7-text wpcf7-validates-as-required form-control\" id=\"country\" aria-required=\"true\" aria-invalid=\"false\" placeholder=\"Country\" value=\"\" type=\"text\" name=\"country\" \/><\/span>\n\t\t\t<\/p>\n\t\t<\/div>\n\t<\/div>\n\t<div class=\"col-lg-12\">\n\t\t<div class=\"form-group\">\n\t\t\t<p><span class=\"wpcf7-form-control-wrap\" data-name=\"email-adresi\"><input size=\"40\" maxlength=\"400\" class=\"wpcf7-form-control wpcf7-email wpcf7-validates-as-required wpcf7-text wpcf7-validates-as-email form-control\" id=\"email-adresi\" aria-required=\"true\" aria-invalid=\"false\" placeholder=\"E-Mail\" value=\"\" type=\"email\" name=\"email-adresi\" \/><\/span>\n\t\t\t<\/p>\n\t\t<\/div>\n\t<\/div>\n\t<div class=\"col-lg-2\">\n\t\t<div class=\"form-group\">\n\t\t\t<p><span class=\"wpcf7-form-control-wrap\" data-name=\"tel-ulke\"><input size=\"40\" maxlength=\"400\" class=\"wpcf7-form-control wpcf7-text wpcf7-validates-as-required form-control\" id=\"tel-ulke\" aria-required=\"true\" aria-invalid=\"false\" value=\"+90\" type=\"text\" name=\"tel-ulke\" \/><\/span>\n\t\t\t<\/p>\n\t\t<\/div>\n\t<\/div>\n\t<div class=\"col-lg-4\">\n\t\t<div class=\"form-group\">\n\t\t\t<p><span class=\"wpcf7-form-control-wrap\" data-name=\"tel-alan\"><input size=\"40\" maxlength=\"400\" class=\"wpcf7-form-control wpcf7-text wpcf7-validates-as-required form-control\" id=\"tel-alan\" aria-required=\"true\" aria-invalid=\"false\" placeholder=\"Code\" value=\"\" type=\"text\" name=\"tel-alan\" \/><\/span>\n\t\t\t<\/p>\n\t\t<\/div>\n\t<\/div>\n\t<div class=\"col-lg-6\">\n\t\t<div class=\"form-group\">\n\t\t\t<p><span class=\"wpcf7-form-control-wrap\" data-name=\"tel-no\"><input size=\"40\" maxlength=\"400\" class=\"wpcf7-form-control wpcf7-text wpcf7-validates-as-required form-control\" id=\"tel-no\" aria-required=\"true\" aria-invalid=\"false\" placeholder=\"Phone\" value=\"\" type=\"text\" name=\"tel-no\" \/><\/span>\n\t\t\t<\/p>\n\t\t<\/div>\n\t<\/div>\n\t<div class=\"col-lg-12\">\n\t\t<div class=\"form-group\">\n\t\t\t<p><span class=\"wpcf7-form-control-wrap\" data-name=\"konu\"><select class=\"wpcf7-form-control wpcf7-select wpcf7-validates-as-required form-control\" id=\"konu\" aria-required=\"true\" aria-invalid=\"false\" name=\"konu\"><option value=\"Subject\">Subject<\/option><option value=\"Request\">Request<\/option><option value=\"Suggestion\">Suggestion<\/option><option value=\"Partnership\">Partnership<\/option><option value=\"E-commerce\">E-commerce<\/option><option value=\"Malls\">Malls<\/option><option value=\"Complaint\">Complaint<\/option><\/select><\/span>\n\t\t\t<\/p>\n\t\t<\/div>\n\t<\/div>\n\t<div class=\"col-lg-12\">\n\t\t<div class=\"form-group\">\n\t\t\t<p><span class=\"wpcf7-form-control-wrap\" data-name=\"mesajiniz\"><textarea cols=\"40\" rows=\"10\" maxlength=\"2000\" class=\"wpcf7-form-control wpcf7-textarea wpcf7-validates-as-required form-control\" id=\"mesajiniz\" aria-required=\"true\" aria-invalid=\"false\" placeholder=\"Your message\" name=\"mesajiniz\"><\/textarea><\/span>\n\t\t\t<\/p>\n\t\t<\/div>\n\t<\/div>\n\t<div class=\"col-lg-12\">\n\t\t<div class=\"form-group\">\n\t\t<span class=\"wpcf7-form-control-wrap recaptcha\" data-name=\"recaptcha\"><span data-sitekey=\"6LeGksQhAAAAAEYR00djP_CotZYN-g6kqBX4elsd\" class=\"wpcf7-form-control wpcf7-recaptcha g-recaptcha\"><\/span>\r\n<noscript>\r\n\t<div class=\"grecaptcha-noscript\">\r\n\t\t<iframe loading=\"lazy\" src=\"https:\/\/www.google.com\/recaptcha\/api\/fallback?k=6LeGksQhAAAAAEYR00djP_CotZYN-g6kqBX4elsd\" frameborder=\"0\" scrolling=\"no\" width=\"310\" height=\"430\">\r\n\t\t<\/iframe>\r\n\t\t<textarea name=\"g-recaptcha-response\" rows=\"3\" cols=\"40\" placeholder=\"reCaptcha Response Here\">\r\n\t\t<\/textarea>\r\n\t<\/div>\r\n<\/noscript>\r\n<\/span>\n\t\t<\/div>\n\t<\/div>\n\t<div class=\"col-lg-8\">\n\t\t<div class=\"form-group\">\n\t\t\t<p><span class=\"wpcf7-form-control-wrap\" data-name=\"Aydinlatma-Metni\"><span class=\"wpcf7-form-control wpcf7-acceptance\"><span class=\"wpcf7-list-item\"><label><input type=\"checkbox\" name=\"Aydinlatma-Metni\" value=\"1\" aria-invalid=\"false\" \/><span class=\"wpcf7-list-item-label\"><a href=\"#\">I read the information text<\/a><\/span><\/label><\/span><\/span><\/span>\n\t\t\t<\/p>\n\t\t<\/div>\n\t<\/div>\n<hr \/>\n\t<div class=\"col-lg-12\">\n\t\t<div class=\"form-group\">\n\t\t\t<p><input class=\"wpcf7-form-control wpcf7-submit has-spinner btn btn-primary btn-modern\" type=\"submit\" value=\"Send\" \/>\n\t\t\t<\/p>\n\t\t<\/div>\n\t<\/div>\n<\/div><div class=\"wpcf7-response-output\" aria-hidden=\"true\"><\/div>\n<\/form>\n<\/div>\n[\/vc_column][\/vc_row]<\/p>\n<\/div>","protected":false},"excerpt":{"rendered":"<p>[vc_row full_width=&#8221;stretch_row_content&#8221; wrap_container=&#8221;yes&#8221; remove_margin_top=&#8221;yes&#8221; remove_margin_bottom=&#8221;yes&#8221; remove_padding_top=&#8221;yes&#8221; remove_padding_bottom=&#8221;yes&#8221; el_class=&#8221;m-b-xl&#8221; css=&#8221;.vc_custom_1655453013530{padding-top: 50px !important;}&#8221;][vc_column width=&#8221;1\/3&#8243;][vc_custom_heading text=&#8221;General center&#8221; font_container=&#8221;tag:h4|text_align:left&#8221; use_theme_fonts=&#8221;yes&#8221; css=&#8221;&#8221; skin=&#8221;primary&#8221;][vc_separator][vc_gmaps link=&#8221;#E-8_JTNDaWZyYW1lJTIwc3JjJTNEJTIyaHR0cHMlM0ElMkYlMkZ3d3cuZ29vZ2xlLmNvbSUyRm1hcHMlMkZlbWJlZCUzRnBiJTNEJTIxMW0xNCUyMTFtOCUyMTFtMyUyMTFkMzA0Ni44Mjg2MzUyMzY3Nzc3JTIxMmQyOC45NjgwMDk3JTIxM2Q0MC4yMTI4NzQ3JTIxM20yJTIxMWkxMDI0JTIxMmk3NjglMjE0ZjEzLjElMjEzbTMlMjExbTIlMjExczB4MTRjYTE1MjA5NWQxZmIwMSUyNTNBMHhhZjQwZGQ4NjJjNmQ1ZGU5JTIxMnMlMjVDMyUyNTg3ZXRpbiUyNTIwRmFtaWx5JTI1MjBEZXBvJTI1MjAtJTI1MjBPZmlzJTIxNWUwJTIxM20yJTIxMXN0ciUyMTJzdHIlMjE0djE2NTkxODI3NTQxMzYlMjE1bTIlMjExc3RyJTIxMnN0ciUyMiUyMHdpZHRoJTNEJTIyNjAwJTIyJTIwaGVpZ2h0JTNEJTIyNDUwJTIyJTIwc3R5bGUlM0QlMjJib3JkZXIlM0EwJTNCJTIyJTIwYWxsb3dmdWxsc2NyZWVuJTNEJTIyJTIyJTIwbG9hZGluZyUzRCUyMmxhenklMjIlMjByZWZlcnJlcnBvbGljeSUzRCUyMm5vLXJlZmVycmVyLXdoZW4tZG93bmdyYWRlJTIyJTNFJTNDJTJGaWZyYW1lJTNF&#8221; size=&#8221;300px&#8221;][\/vc_column][vc_column width=&#8221;1\/3&#8243;][vc_custom_heading text=&#8221;Central warehouse and logistics&#8221; font_container=&#8221;tag:h4|text_align:left&#8221; use_theme_fonts=&#8221;yes&#8221; css=&#8221;&#8221; skin=&#8221;primary&#8221;][vc_separator][vc_gmaps link=&#8221;#E-8_JTNDaWZyYW1lJTIwc3JjJTNEJTIyaHR0cHMlM0ElMkYlMkZ3d3cuZ29vZ2xlLmNvbSUyRm1hcHMlMkZlbWJlZCUzRnBiJTNEJTIxMW0xNCUyMTFtOCUyMTFtMyUyMTFkMzA0Ni44Mjg2MzUyMzY3Nzc3JTIxMmQyOC45NjgwMDk3JTIxM2Q0MC4yMTI4NzQ3JTIxM20yJTIxMWkxMDI0JTIxMmk3NjglMjE0ZjEzLjElMjEzbTMlMjExbTIlMjExczB4MTRjYTE1MjA5NWQxZmIwMSUyNTNBMHhhZjQwZGQ4NjJjNmQ1ZGU5JTIxMnMlMjVDMyUyNTg3ZXRpbiUyNTIwRmFtaWx5JTI1MjBEZXBvJTI1MjAtJTI1MjBPZmlzJTIxNWUwJTIxM20yJTIxMXN0ciUyMTJzdHIlMjE0djE2NTkxODI3NTQxMzYlMjE1bTIlMjExc3RyJTIxMnN0ciUyMiUyMHdpZHRoJTNEJTIyNjAwJTIyJTIwaGVpZ2h0JTNEJTIyNDUwJTIyJTIwc3R5bGUlM0QlMjJib3JkZXIlM0EwJTNCJTIyJTIwYWxsb3dmdWxsc2NyZWVuJTNEJTIyJTIyJTIwbG9hZGluZyUzRCUyMmxhenklMjIlMjByZWZlcnJlcnBvbGljeSUzRCUyMm5vLXJlZmVycmVyLXdoZW4tZG93bmdyYWRlJTIyJTNFJTNDJTJGaWZyYW1lJTNF&#8221; size=&#8221;300px&#8221;][\/vc_column][vc_column width=&#8221;1\/3&#8243;][vc_custom_heading text=&#8221;E-commerce warehouse and logistics&#8221; font_container=&#8221;tag:h4|text_align:left&#8221; use_theme_fonts=&#8221;yes&#8221; css=&#8221;&#8221; skin=&#8221;primary&#8221;][vc_separator][vc_gmaps link=&#8221;#E-8_JTNDaWZyYW1lJTIwc3JjJTNEJTIyaHR0cHMlM0ElMkYlMkZ3d3cuZ29vZ2xlLmNvbSUyRm1hcHMlMkZlbWJlZCUzRnBiJTNEJTIxMW0xOCUyMTFtMTIlMjExbTMlMjExZDMwNDYuODI2NDU0NzM4ODYyNiUyMTJkMjguOTY5OTg4NCUyMTNkNDAuMjEyOTIzMTk5OTk5OTklMjEybTMlMjExZjAlMjEyZjAlMjEzZjAlMjEzbTIlMjExaTEwMjQlMjEyaTc2OCUyMTRmMTMuMSUyMTNtMyUyMTFtMiUyMTFzMHgxNGNhMTQxZGZkZGFjYjdkJTI1M0EweDc4MGRlZGFkMTQzN2Q0MTklMjEyc01hcmthc3Rvay5jb20lMjUyMCUyNTI2JTI1MjBFeHhlc2VsZWN0aW9uLmNvbSUyMTVlMCUyMTNtMiUyMTFzdHIlMjEyc3RyJTIxNHYxNjU5MTgzODIzMDI5JTIxNW0yJTIxMXN0ciUyMTJzdHIlMjIlMjB3aWR0aCUzRCUyMjYwMCUyMiUyMGhlaWdodCUzRCUyMjQ1MCUyMiUyMHN0eWxlJTNEJTIyYm9yZGVyJTNBMCUzQiUyMiUyMGFsbG93ZnVsbHNjcmVlbiUzRCUyMiUyMiUyMGxvYWRpbmclM0QlMjJsYXp5JTIyJTIwcmVmZXJyZXJwb2xpY3klM0QlMjJuby1yZWZlcnJlci13aGVuLWRvd25ncmFkZSUyMiUzRSUzQyUyRmlmcmFtZSUzRQ==&#8221; size=&#8221;300px&#8221;][\/vc_column][\/vc_row][vc_row full_width=&#8221;stretch_row&#8221; el_class=&#8221;call-to-action-in-footer&#8221; css=&#8221;.vc_custom_1656008739135{background-color: #f7f7f7 !important;}&#8221;][vc_column][vc_cta h2=&#8221;Dear \u00c7etin Family friends,&#8221; txt_align=&#8221;center&#8221; shape=&#8221;square&#8221; style=&#8221;flat&#8221; color=&#8221;white&#8221; [&hellip;]<\/p>\n","protected":false},"author":1,"featured_media":0,"parent":0,"menu_order":0,"comment_status":"closed","ping_status":"closed","template":"","meta":{"footnotes":""},"class_list":["post-8427","page","type-page","status-publish","hentry"],"_links":{"self":[{"href":"https:\/\/cetinfamily.com.tr\/en\/wp-json\/wp\/v2\/pages\/8427"}],"collection":[{"href":"https:\/\/cetinfamily.com.tr\/en\/wp-json\/wp\/v2\/pages"}],"about":[{"href":"https:\/\/cetinfamily.com.tr\/en\/wp-json\/wp\/v2\/types\/page"}],"author":[{"embeddable":true,"href":"https:\/\/cetinfamily.com.tr\/en\/wp-json\/wp\/v2\/users\/1"}],"replies":[{"embeddable":true,"href":"https:\/\/cetinfamily.com.tr\/en\/wp-json\/wp\/v2\/comments?post=8427"}],"version-history":[{"count":20,"href":"https:\/\/cetinfamily.com.tr\/en\/wp-json\/wp\/v2\/pages\/8427\/revisions"}],"predecessor-version":[{"id":9821,"href":"https:\/\/cetinfamily.com.tr\/en\/wp-json\/wp\/v2\/pages\/8427\/revisions\/9821"}],"wp:attachment":[{"href":"https:\/\/cetinfamily.com.tr\/en\/wp-json\/wp\/v2\/media?parent=8427"}],"curies":[{"name":"wp","href":"https:\/\/api.w.org\/{rel}","templated":true}]}}