{"id":5806,"date":"2022-08-24T12:18:56","date_gmt":"2022-08-24T12:18:56","guid":{"rendered":"https:\/\/cetinfamily.com.tr\/kurumsal\/"},"modified":"2024-07-11T07:57:23","modified_gmt":"2024-07-11T07:57:23","slug":"corporate","status":"publish","type":"page","link":"https:\/\/cetinfamily.com.tr\/en\/corporate\/","title":{"rendered":"Corporate"},"content":{"rendered":"<div class=\"wpb-content-wrapper\"><p>[vc_row][vc_column]\t<style>\r\n\t\t.porto-blockquote1730947346 blockquote { border-color: #dd3333; }\r\n\t<\/style>\r\n\t<div class=\"porto-blockquote wpb_content_element  porto-blockquote1730947346\"><blockquote class=\"  \"><p>\n<h2>Your and Your Family\u2019s Stores<\/h2>\n<p><\/p><\/blockquote><\/div>[\/vc_column][\/vc_row][vc_row][vc_column][vc_column_text]\u00c7etin Family Group started its commercial life with its first store opened in 1982 and today, with 21 different branches, it provides 100% customer satisfaction-oriented service to its customers in many locations in Turkey. Growing and developing without compromising the hardworking and honesty principles, \u00c7etin Group continues to increase its projects in order to ensure the happiness of its customers from all walks of life. The concept of \u201cfamily\u201d in the company name associates the sincere and respectful relationship established by both its valuable customers and strong staff with the culture of being a family. With the one-to-one sales service offered by the sales consultant staff, it makes its customers feel that they receive a privileged service and enables them to enjoy their shopping experience. It brings its wide range of products together with its valuable customers in its contemporary stores decorated with spacious designs without compromising its superior service quality.<\/p>\n<p>Adhering to its values with the motto \u201cYour and Your Family&#8217;s Stores,\u201d \u00c7etin Group stores, which bring many innovations to the sector, adhere to the principles of continuous development, offer Turkey&#8217;s and the world&#8217;s most exclusive women&#8217;s, men&#8217;s and children&#8217;s products to its valued customers, and which aim to ensure 100% customer satisfaction in service quality, continue to serve with a total of 21 stores in Bursa, Istanbul, Antalya, Afyon, Susurluk and Gebze and 3 different online sales stores under the platforms markastok.com, exxeselection.com and lela.com.tr.<\/p>\n<p>The vision of \u00c7etin Family Group is to play a major role in increasing Turkey&#8217;s export power by expanding its global projects. Its mission is to bring its own private brands and the global and local brands, of which it is a partner, to its customers with competitive price and high quality equation.[\/vc_column_text][\/vc_column][\/vc_row][vc_row full_width=&#8221;stretch_row_content_no_spaces&#8221; parallax=&#8221;content-moving&#8221; parallax_image=&#8221;2805&#8243; parallax_speed_bg=&#8221;8&#8243; wrap_container=&#8221;yes&#8221; section_text_color=&#8221;light&#8221; is_section=&#8221;yes&#8221; section_skin=&#8221;primary&#8221; css=&#8221;.vc_custom_1655066986949{background-image: url(https:\/\/cetinfamily.com.tr\/wp-content\/uploads\/2022\/06\/rakamlarla-CF-alt-zemin.jpg?id=2805) !important;background-position: center;background-repeat: no-repeat !important;background-size: contain !important;}&#8221;][vc_column width=&#8221;1\/3&#8243;]<div class=\"stats-block stats-top   wpb_custom_a9cfd7c164fa481c8adde321168b34e4\"><div class=\"stats-desc\"><div id=\"counter_80046240169fca53f1e055\" data-id=\"counter_80046240169fca53f1e055\" class=\"stats-number\" style=\" \" data-speed=\"2\" data-counter-value=\"30\" data-separator=\",\" data-decimal=\".\">0<\/div><div class=\"stats-text\" style=\"\">COUNTRIES<\/div><\/div><\/div>[\/vc_column][vc_column width=&#8221;1\/3&#8243;]<div class=\"stats-block stats-top   wpb_custom_a9cfd7c164fa481c8adde321168b34e4\"><div class=\"stats-desc\"><div id=\"counter_74001445369fca53f1e190\" data-id=\"counter_74001445369fca53f1e190\" class=\"stats-number\" style=\" \" data-speed=\"2\" data-counter-value=\"150\" data-separator=\",\" data-decimal=\".\">0<\/div><div class=\"counter_suffix mycust\" style=\" \">+<\/div><div class=\"stats-text\" style=\"\">BRANDS<\/div><\/div><\/div>[\/vc_column][vc_column width=&#8221;1\/3&#8243;]<div class=\"stats-block stats-top   wpb_custom_a9cfd7c164fa481c8adde321168b34e4\"><div class=\"stats-desc\"><div id=\"counter_104306043469fca53f1e2fe\" data-id=\"counter_104306043469fca53f1e2fe\" class=\"stats-number\" style=\" \" data-speed=\"2\" data-counter-value=\"300\" data-separator=\",\" data-decimal=\".\">0<\/div><div class=\"counter_suffix mycust\" style=\" \">+<\/div><div class=\"stats-text\" style=\"\">EMPLOYEES<\/div><\/div><\/div>[\/vc_column][\/vc_row][vc_row wrap_container=&#8221;yes&#8221; is_section=&#8221;yes&#8221; section_skin=&#8221;parallax&#8221; remove_margin_top=&#8221;yes&#8221; remove_margin_bottom=&#8221;yes&#8221; remove_border=&#8221;yes&#8221;][vc_column width=&#8221;2\/3&#8243; offset=&#8221;vc_col-sm-offset-2&#8243;]<section class=\"timeline wpb_custom_aa84c36a6a947f6099708744f0f74b68\"><div class=\"timeline-body\"><div class=\"timeline-date\"><h3 class=\"time-text step-item-subtitle\">1982<\/h3><\/div><article class=\"timeline-box left\" data-appear-animation=\"fadeIn\"><div><img decoding=\"async\" src=\"\/\/cetinfamily.com.tr\/wp-content\/uploads\/2022\/07\/st1.jpg\" class=\"img-responsive\" alt=\"The first \u00c7etin Family Store was opened in Bur\u00e7 Pasaj\u0131.\"><h4 class=\"timeline-item-title step-item-title\">The first \u00c7etin Family Store was opened in Bur\u00e7 Pasaj\u0131.<\/h4><div class=\"timeline-item-content\"><\/div><\/div><\/article><div class=\"timeline-date\"><h3 class=\"time-text step-item-subtitle\">1986<\/h3><\/div><article class=\"timeline-box right\" data-appear-animation=\"fadeIn\"><div><img decoding=\"async\" src=\"\/\/cetinfamily.com.tr\/wp-content\/uploads\/2022\/07\/st2.jpg\" class=\"img-responsive\" alt=\"The first street store was opened in Alt\u0131parmak.\"><h4 class=\"timeline-item-title step-item-title\">The first street store was opened in Alt\u0131parmak.<\/h4><div class=\"timeline-item-content\"><\/div><\/div><\/article><div class=\"timeline-date\"><h3 class=\"time-text step-item-subtitle\">1990<\/h3><\/div><article class=\"timeline-box left\" data-appear-animation=\"fadeIn\"><div><img decoding=\"async\" src=\"\/\/cetinfamily.com.tr\/wp-content\/uploads\/2022\/07\/st3.jpg\" class=\"img-responsive\" alt=\"Started selling women&#039;s and kidswear collections.\"><h4 class=\"timeline-item-title step-item-title\">Started selling women&#039;s and kidswear collections.<\/h4><div class=\"timeline-item-content\"><\/div><\/div><\/article><div class=\"timeline-date\"><h3 class=\"time-text step-item-subtitle\">1990<\/h3><\/div><article class=\"timeline-box right\" data-appear-animation=\"fadeIn\"><div><img decoding=\"async\" src=\"\/\/cetinfamily.com.tr\/wp-content\/uploads\/2022\/07\/st4.jpg\" class=\"img-responsive\" alt=\"\u00c7etin Family Be\u015fevler shop was opened.\"><h4 class=\"timeline-item-title step-item-title\">\u00c7etin Family Be\u015fevler shop was opened.<\/h4><div class=\"timeline-item-content\"><\/div><\/div><\/article><div class=\"timeline-date\"><h3 class=\"time-text step-item-subtitle\">1995<\/h3><\/div><article class=\"timeline-box left\" data-appear-animation=\"fadeIn\"><div><img decoding=\"async\" src=\"\/\/cetinfamily.com.tr\/wp-content\/uploads\/2022\/07\/st5.jpg\" class=\"img-responsive\" alt=\"The She, the first store dedicated to women&#039;s clothing, was opened.\"><h4 class=\"timeline-item-title step-item-title\">The She, the first store dedicated to women&#039;s clothing, was opened.<\/h4><div class=\"timeline-item-content\"><\/div><\/div><\/article><div class=\"timeline-date\"><h3 class=\"time-text step-item-subtitle\">1996<\/h3><\/div><article class=\"timeline-box right\" data-appear-animation=\"fadeIn\"><div><img decoding=\"async\" src=\"\/\/cetinfamily.com.tr\/wp-content\/uploads\/2022\/07\/st6.jpg\" class=\"img-responsive\" alt=\"The first Levi&#039;s Official store was opened.\"><h4 class=\"timeline-item-title step-item-title\">The first Levi&#039;s Official store was opened.<\/h4><div class=\"timeline-item-content\"><\/div><\/div><\/article><div class=\"timeline-date\"><h3 class=\"time-text step-item-subtitle\">1997<\/h3><\/div><article class=\"timeline-box left\" data-appear-animation=\"fadeIn\"><div><img decoding=\"async\" src=\"\/\/cetinfamily.com.tr\/wp-content\/uploads\/2022\/07\/st7.jpg\" class=\"img-responsive\" alt=\"Exxe Selection, the first luxury clothing store in Bursa, was opened.\"><h4 class=\"timeline-item-title step-item-title\">Exxe Selection, the first luxury clothing store in Bursa, was opened.<\/h4><div class=\"timeline-item-content\"><\/div><\/div><\/article><div class=\"timeline-date\"><h3 class=\"time-text step-item-subtitle\">2006<\/h3><\/div><article class=\"timeline-box right\" data-appear-animation=\"fadeIn\"><div><img decoding=\"async\" src=\"\/\/cetinfamily.com.tr\/wp-content\/uploads\/2022\/07\/st8.jpg\" class=\"img-responsive\" alt=\"The online sales channel Markastok.com was opened.\"><h4 class=\"timeline-item-title step-item-title\">The online sales channel Markastok.com was opened.<\/h4><div class=\"timeline-item-content\"><\/div><\/div><\/article><div class=\"timeline-date\"><h3 class=\"time-text step-item-subtitle\">2007<\/h3><\/div><article class=\"timeline-box left\" data-appear-animation=\"fadeIn\"><div><img decoding=\"async\" src=\"\/\/cetinfamily.com.tr\/wp-content\/uploads\/2022\/07\/st9.jpg\" class=\"img-responsive\" alt=\"Exxe Selection, the largest luxury clothing store in Bursa, was opened.\"><h4 class=\"timeline-item-title step-item-title\">Exxe Selection, the largest luxury clothing store in Bursa, was opened.<\/h4><div class=\"timeline-item-content\"><\/div><\/div><\/article><div class=\"timeline-date\"><h3 class=\"time-text step-item-subtitle\">2010<\/h3><\/div><article class=\"timeline-box right\" data-appear-animation=\"fadeIn\"><div><img decoding=\"async\" src=\"\/\/cetinfamily.com.tr\/wp-content\/uploads\/2022\/08\/st10.jpg\" class=\"img-responsive\" alt=\"Emporio Armani store was opened in Bursa Korupark Shopping Mall.\"><h4 class=\"timeline-item-title step-item-title\">Emporio Armani store was opened in Bursa Korupark Shopping Mall.<\/h4><div class=\"timeline-item-content\"><\/div><\/div><\/article><div class=\"timeline-date\"><h3 class=\"time-text step-item-subtitle\">2011<\/h3><\/div><article class=\"timeline-box left\" data-appear-animation=\"fadeIn\"><div><img decoding=\"async\" src=\"\/\/cetinfamily.com.tr\/wp-content\/uploads\/2022\/07\/st11.jpg\" class=\"img-responsive\" alt=\"Exxe Selection Bal\u0131kesir - Susurluk store was opened.\"><h4 class=\"timeline-item-title step-item-title\">Exxe Selection Bal\u0131kesir - Susurluk store was opened.<\/h4><div class=\"timeline-item-content\"><\/div><\/div><\/article><div class=\"timeline-date\"><h3 class=\"time-text step-item-subtitle\">2012<\/h3><\/div><article class=\"timeline-box right\" data-appear-animation=\"fadeIn\"><div><img decoding=\"async\" src=\"\/\/cetinfamily.com.tr\/wp-content\/uploads\/2022\/07\/st12.jpg\" class=\"img-responsive\" alt=\"Luxury clothing online sales channel exxeselection.com was launched.\"><h4 class=\"timeline-item-title step-item-title\">Luxury clothing online sales channel exxeselection.com was launched.<\/h4><div class=\"timeline-item-content\"><\/div><\/div><\/article><div class=\"timeline-date\"><h3 class=\"time-text step-item-subtitle\">2013<\/h3><\/div><article class=\"timeline-box left\" data-appear-animation=\"fadeIn\"><div><img decoding=\"async\" src=\"\/\/cetinfamily.com.tr\/wp-content\/uploads\/2022\/07\/st13.jpg\" class=\"img-responsive\" alt=\"Exxe Selection Afyon store was opened.\"><h4 class=\"timeline-item-title step-item-title\">Exxe Selection Afyon store was opened.<\/h4><div class=\"timeline-item-content\"><\/div><\/div><\/article><div class=\"timeline-date\"><h3 class=\"time-text step-item-subtitle\">2014<\/h3><\/div><article class=\"timeline-box right\" data-appear-animation=\"fadeIn\"><div><img decoding=\"async\" src=\"\/\/cetinfamily.com.tr\/wp-content\/uploads\/2022\/07\/st14.jpg\" class=\"img-responsive\" alt=\"Markastok started to serve in all Turkish online marketplaces.\"><h4 class=\"timeline-item-title step-item-title\">Markastok started to serve in all Turkish online marketplaces.<\/h4><div class=\"timeline-item-content\"><\/div><\/div><\/article><div class=\"timeline-date\"><h3 class=\"time-text step-item-subtitle\">2014<\/h3><\/div><article class=\"timeline-box left\" data-appear-animation=\"fadeIn\"><div><img decoding=\"async\" src=\"\/\/cetinfamily.com.tr\/wp-content\/uploads\/2022\/07\/st15.jpg\" class=\"img-responsive\" alt=\"Emporio Armani store was opened in Istanbul Akasya Shopping Mall.\"><h4 class=\"timeline-item-title step-item-title\">Emporio Armani store was opened in Istanbul Akasya Shopping Mall.<\/h4><div class=\"timeline-item-content\"><\/div><\/div><\/article><div class=\"timeline-date\"><h3 class=\"time-text step-item-subtitle\">2015<\/h3><\/div><article class=\"timeline-box right\" data-appear-animation=\"fadeIn\"><div><img decoding=\"async\" src=\"\/\/cetinfamily.com.tr\/wp-content\/uploads\/2022\/07\/st16.jpg\" class=\"img-responsive\" alt=\"The company established the Buratti menswear brand and the first collection was launched.\"><h4 class=\"timeline-item-title step-item-title\">The company established the Buratti menswear brand and the first collection was launched.<\/h4><div class=\"timeline-item-content\"><\/div><\/div><\/article><div class=\"timeline-date\"><h3 class=\"time-text step-item-subtitle\">2016<\/h3><\/div><article class=\"timeline-box left\" data-appear-animation=\"fadeIn\"><div><img decoding=\"async\" src=\"\/\/cetinfamily.com.tr\/wp-content\/uploads\/2022\/07\/st17.jpg\" class=\"img-responsive\" alt=\"Exxe Selection Kocaeli Dilovas\u0131 Oxygen AVM store was opened.\"><h4 class=\"timeline-item-title step-item-title\">Exxe Selection Kocaeli Dilovas\u0131 Oxygen AVM store was opened.<\/h4><div class=\"timeline-item-content\"><\/div><\/div><\/article><div class=\"timeline-date\"><h3 class=\"time-text step-item-subtitle\">2018<\/h3><\/div><article class=\"timeline-box right\" data-appear-animation=\"fadeIn\"><div><img decoding=\"async\" src=\"\/\/cetinfamily.com.tr\/wp-content\/uploads\/2022\/07\/st18.jpg\" class=\"img-responsive\" alt=\"The company established Lela women&#039;s and kidswear brand and the first collection was launched.\"><h4 class=\"timeline-item-title step-item-title\">The company established Lela women&#039;s and kidswear brand and the first collection was launched.<\/h4><div class=\"timeline-item-content\"><\/div><\/div><\/article><div class=\"timeline-date\"><h3 class=\"time-text step-item-subtitle\">2019<\/h3><\/div><article class=\"timeline-box left\" data-appear-animation=\"fadeIn\"><div><img decoding=\"async\" src=\"\/\/cetinfamily.com.tr\/wp-content\/uploads\/2022\/07\/st19.jpg\" class=\"img-responsive\" alt=\"Exxe Selection Antalya store was opened.\"><h4 class=\"timeline-item-title step-item-title\">Exxe Selection Antalya store was opened.<\/h4><div class=\"timeline-item-content\"><\/div><\/div><\/article><div class=\"timeline-date\"><h3 class=\"time-text step-item-subtitle\">2020<\/h3><\/div><article class=\"timeline-box right\" data-appear-animation=\"fadeIn\"><div><img decoding=\"async\" src=\"\/\/cetinfamily.com.tr\/wp-content\/uploads\/2022\/07\/st20.jpg\" class=\"img-responsive\" alt=\"Women&#039;s and Children&#039;s clothing online sales channel lela.com.tr was opened.\"><h4 class=\"timeline-item-title step-item-title\">Women&#039;s and Children&#039;s clothing online sales channel lela.com.tr was opened.<\/h4><div class=\"timeline-item-content\"><\/div><\/div><\/article><div class=\"timeline-date\"><h3 class=\"time-text step-item-subtitle\">2021<\/h3><\/div><article class=\"timeline-box left\" data-appear-animation=\"fadeIn\"><div><img decoding=\"async\" src=\"\/\/cetinfamily.com.tr\/wp-content\/uploads\/2022\/07\/st21.jpg\" class=\"img-responsive\" alt=\"Expanded to the Europe market through the export of Lela and Buratti brands.\"><h4 class=\"timeline-item-title step-item-title\">Expanded to the Europe market through the export of Lela and Buratti brands.<\/h4><div class=\"timeline-item-content\"><\/div><\/div><\/article><div class=\"timeline-date\"><h3 class=\"time-text step-item-subtitle\">2021<\/h3><\/div><article class=\"timeline-box right\" data-appear-animation=\"fadeIn\"><div><img decoding=\"async\" src=\"\/\/cetinfamily.com.tr\/wp-content\/uploads\/2022\/08\/st22.jpg\" class=\"img-responsive\" alt=\"The She store opened in Bursa Kent Meydani Shopping Mall.\"><h4 class=\"timeline-item-title step-item-title\">The She store opened in Bursa Kent Meydani Shopping Mall.<\/h4><div class=\"timeline-item-content\"><\/div><\/div><\/article><\/div><\/section>[\/vc_column][\/vc_row]<\/p>\n<\/div>","protected":false},"excerpt":{"rendered":"<p>[vc_row][vc_column][\/vc_column][\/vc_row][vc_row][vc_column][vc_column_text]\u00c7etin Family Group started its commercial life with its first store opened in 1982 and today, with 21 different branches, it provides 100% customer satisfaction-oriented service to its customers in many locations in Turkey. Growing and developing without compromising the hardworking and honesty principles, \u00c7etin Group continues to increase its projects in order to ensure [&hellip;]<\/p>\n","protected":false},"author":1,"featured_media":0,"parent":0,"menu_order":0,"comment_status":"closed","ping_status":"closed","template":"","meta":{"footnotes":""},"class_list":["post-5806","page","type-page","status-publish","hentry"],"_links":{"self":[{"href":"https:\/\/cetinfamily.com.tr\/en\/wp-json\/wp\/v2\/pages\/5806"}],"collection":[{"href":"https:\/\/cetinfamily.com.tr\/en\/wp-json\/wp\/v2\/pages"}],"about":[{"href":"https:\/\/cetinfamily.com.tr\/en\/wp-json\/wp\/v2\/types\/page"}],"author":[{"embeddable":true,"href":"https:\/\/cetinfamily.com.tr\/en\/wp-json\/wp\/v2\/users\/1"}],"replies":[{"embeddable":true,"href":"https:\/\/cetinfamily.com.tr\/en\/wp-json\/wp\/v2\/comments?post=5806"}],"version-history":[{"count":8,"href":"https:\/\/cetinfamily.com.tr\/en\/wp-json\/wp\/v2\/pages\/5806\/revisions"}],"predecessor-version":[{"id":10169,"href":"https:\/\/cetinfamily.com.tr\/en\/wp-json\/wp\/v2\/pages\/5806\/revisions\/10169"}],"wp:attachment":[{"href":"https:\/\/cetinfamily.com.tr\/en\/wp-json\/wp\/v2\/media?parent=5806"}],"curies":[{"name":"wp","href":"https:\/\/api.w.org\/{rel}","templated":true}]}}